{"id":13484,"date":"2024-10-14T08:25:55","date_gmt":"2024-10-14T08:25:55","guid":{"rendered":"https:\/\/majasbeauty.com\/?page_id=13484"},"modified":"2025-01-22T19:57:46","modified_gmt":"2025-01-22T19:57:46","slug":"contact","status":"publish","type":"page","link":"https:\/\/majasbeauty.com\/hu\/contact\/","title":{"rendered":"Kapcsolat"},"content":{"rendered":"<p>[et_pb_section fb_built=&#8221;1&#8243; _builder_version=&#8221;4.27.2&#8243; _module_preset=&#8221;default&#8221; background_color=&#8221;#F7F1E8&#8243; custom_padding=&#8221;||76px|||&#8221; global_colors_info=&#8221;{}&#8221;][et_pb_row _builder_version=&#8221;4.27.2&#8243; _module_preset=&#8221;default&#8221; custom_padding=&#8221;30px|36px|30px|36px|true|true&#8221; global_colors_info=&#8221;{}&#8221;][et_pb_column type=&#8221;4_4&#8243; _builder_version=&#8221;4.18.0&#8243; _module_preset=&#8221;default&#8221; global_colors_info=&#8221;{}&#8221;][et_pb_text _builder_version=&#8221;4.18.0&#8243; _module_preset=&#8221;default&#8221; header_font=&#8221;imperial script|600|||||||&#8221; header_text_align=&#8221;center&#8221; header_text_color=&#8221;#BC9754&#8243; header_font_size=&#8221;3.3em&#8221; custom_margin=&#8221;||-1px|||&#8221; locked=&#8221;off&#8221; global_colors_info=&#8221;{}&#8221;]<\/p>\n<h1 class=\"et_pb_slide_title\">Kapcsolat<\/h1>\n<p>[\/et_pb_text][et_pb_button button_url=&#8221;https:\/\/majas-beauty.salonic.hu\/&#8221; button_text=&#8221;Book Now&#8221; button_alignment=&#8221;center&#8221; _builder_version=&#8221;4.27.2&#8243; _module_preset=&#8221;default&#8221; custom_margin=&#8221;15px||||false|false&#8221; global_colors_info=&#8221;{}&#8221;][\/et_pb_button][et_pb_text _builder_version=&#8221;4.27.4&#8243; _module_preset=&#8221;default&#8221; header_font=&#8221;&#8211;et_global_heading_font|300|||||||&#8221; header_text_align=&#8221;center&#8221; header_font_size=&#8221;2.8em&#8221; custom_margin=&#8221;||-1px|||&#8221; custom_padding=&#8221;||0px|||&#8221; hover_enabled=&#8221;0&#8243; locked=&#8221;off&#8221; global_colors_info=&#8221;{}&#8221; sticky_enabled=&#8221;0&#8243;]<\/p>\n<h1 class=\"et_pb_slide_title\">Foglaljon a salonicon kereszt\u00fcl vagy telefonon a \n+36 30 731 8323 sz\u00e1mon<\/h1>\n<p>[\/et_pb_text][\/et_pb_column][\/et_pb_row][\/et_pb_section][et_pb_section fb_built=&#8221;1&#8243; _builder_version=&#8221;4.27.2&#8243; _module_preset=&#8221;default&#8221; background_color=&#8221;gcid-11d16c16-5e95-406e-ac8c-e0ae46785496&#8243; custom_padding=&#8221;0px||0px||false|false&#8221; global_module=&#8221;26043254&#8243; saved_tabs=&#8221;all&#8221; global_colors_info=&#8221;{%22gcid-11d16c16-5e95-406e-ac8c-e0ae46785496%22:%91%22background_color%22%93}&#8221;][et_pb_row column_structure=&#8221;1_2,1_2&#8243; _builder_version=&#8221;4.27.2&#8243; _module_preset=&#8221;default&#8221; custom_padding=&#8221;59px||65px|||&#8221; custom_css_main_element=&#8221;display: flex;||flex-wrap: wrap-reverse;||align-items: center;&#8221; global_colors_info=&#8221;{}&#8221;][et_pb_column type=&#8221;1_2&#8243; _builder_version=&#8221;4.27.2&#8243; _module_preset=&#8221;default&#8221; global_colors_info=&#8221;{}&#8221;][et_pb_text _builder_version=&#8221;4.27.2&#8243; _module_preset=&#8221;default&#8221; custom_margin=&#8221;||10px|||&#8221; global_colors_info=&#8221;{}&#8221;]<\/p>\n<p>At maja&#8217;s beauty, we offer personalized care and advanced technology to help you feel\u00a0 rejuvenated. Our diverse services include IPL hair removal, Dr. live wave massage, Powershape2 body treatment, and Hiemt electromagnetic shaping, all to enhance your natural beauty and confidence.<\/p>\n<p>[\/et_pb_text][dsm_icon_list _builder_version=&#8221;4.27.2&#8243; _module_preset=&#8221;default&#8221; custom_margin=&#8221;||17px|||&#8221; global_colors_info=&#8221;{}&#8221;][dsm_icon_list_child text=&#8221;+36 30 731 8323 &#8221; font_icon=&#8221;&#xe090;||divi||400&#8243; _builder_version=&#8221;4.27.2&#8243; _module_preset=&#8221;default&#8221; global_colors_info=&#8221;{}&#8221;][\/dsm_icon_list_child][dsm_icon_list_child text=&#8221;Info@majasbeauty.com&#8221; font_icon=&#8221;&#xf0e0;||fa||400&#8243; _builder_version=&#8221;4.27.2&#8243; _module_preset=&#8221;default&#8221; global_colors_info=&#8221;{}&#8221;][\/dsm_icon_list_child][dsm_icon_list_child text=&#8221;Budapest Hattyu, u 14 1015&#8243; font_icon=&#8221;&#xf3c5;||fa||900&#8243; _builder_version=&#8221;4.27.2&#8243; _module_preset=&#8221;default&#8221; global_colors_info=&#8221;{}&#8221;][\/dsm_icon_list_child][\/dsm_icon_list][et_pb_image src=&#8221;https:\/\/majasbeauty.com\/wp-content\/uploads\/2024\/10\/Asset-10@2x.png&#8221; title_text=&#8221;Asset 10@2x&#8221; _builder_version=&#8221;4.27.2&#8243; _module_preset=&#8221;default&#8221; width=&#8221;42%&#8221; width_tablet=&#8221;29%&#8221; width_phone=&#8221;59%&#8221; width_last_edited=&#8221;on|phone&#8221; global_colors_info=&#8221;{}&#8221;][\/et_pb_image][et_pb_social_media_follow _builder_version=&#8221;4.27.2&#8243; _module_preset=&#8221;default&#8221; text_orientation=&#8221;left&#8221; global_colors_info=&#8221;{}&#8221;][et_pb_social_media_follow_network social_network=&#8221;instagram&#8221; url=&#8221;https:\/\/www.instagram.com\/majasbeautysalon?utm_source=ig_web_button_share_sheet&#038;igsh=ZDNlZDc0MzIxNw==&#8221; icon_color=&#8221;gcid-secondary-color&#8221; _builder_version=&#8221;4.27.2&#8243; _module_preset=&#8221;default&#8221; background_enable_color=&#8221;off&#8221; border_radii=&#8221;on|25px|25px|25px|25px&#8221; border_width_all=&#8221;2px&#8221; border_color_all=&#8221;#B3822C&#8221; global_colors_info=&#8221;{%22gcid-secondary-color%22:%91%22icon_color%22%93}&#8221; follow_button=&#8221;off&#8221; url_new_window=&#8221;on&#8221;]instagram[\/et_pb_social_media_follow_network][et_pb_social_media_follow_network social_network=&#8221;facebook&#8221; url=&#8221;https:\/\/www.facebook.com\/profile.php?id=61566901137209&#8243; icon_color=&#8221;gcid-secondary-color&#8221; _builder_version=&#8221;4.27.2&#8243; _module_preset=&#8221;default&#8221; background_enable_color=&#8221;off&#8221; border_radii=&#8221;on|25px|25px|25px|25px&#8221; border_width_all=&#8221;2px&#8221; border_color_all=&#8221;#B3822C&#8221; global_colors_info=&#8221;{%22gcid-secondary-color%22:%91%22icon_color%22%93}&#8221; follow_button=&#8221;off&#8221; url_new_window=&#8221;on&#8221;]facebook[\/et_pb_social_media_follow_network][et_pb_social_media_follow_network social_network=&#8221;tiktok&#8221; url=&#8221;https:\/\/www.tiktok.com\/@majasbeauty&#8221; icon_color=&#8221;gcid-secondary-color&#8221; _builder_version=&#8221;4.27.2&#8243; _module_preset=&#8221;default&#8221; background_color=&#8221;#fe2c55&#8243; background_enable_color=&#8221;off&#8221; border_radii=&#8221;on|25px|25px|25px|25px&#8221; border_width_all=&#8221;2px&#8221; border_color_all=&#8221;#B3822C&#8221; global_colors_info=&#8221;{%22gcid-secondary-color%22:%91%22icon_color%22%93}&#8221; follow_button=&#8221;off&#8221; url_new_window=&#8221;on&#8221;]tiktok[\/et_pb_social_media_follow_network][\/et_pb_social_media_follow][\/et_pb_column][et_pb_column type=&#8221;1_2&#8243; _builder_version=&#8221;4.27.2&#8243; _module_preset=&#8221;default&#8221; global_colors_info=&#8221;{}&#8221;][dsm_embed_google_map address=&#8221;Budapest Hattyu, u 14 1015&#8243; zoom=&#8221;17&#8243; _builder_version=&#8221;4.27.2&#8243; _module_preset=&#8221;default&#8221; custom_padding=&#8221;||25px||false|false&#8221; global_colors_info=&#8221;{}&#8221;][\/dsm_embed_google_map][\/et_pb_column][\/et_pb_row][\/et_pb_section]<\/p>","protected":false},"excerpt":{"rendered":"<p>Contact usMake an Appointment via salonic or through phone on +36 30 731 8323At maja&#8217;s beauty, we offer personalized care and advanced technology to help you feel\u00a0 rejuvenated. Our diverse services include IPL hair removal, Dr. live wave massage, Powershape2 body treatment, and Hiemt electromagnetic shaping, all to enhance your natural beauty and confidence.<div class=\"et_pb_module dsm_icon_list dsm_icon_list_0\">\n\t\t\t\t\n\t\t\t\t\n\t\t\t\t\n\t\t\t\t\n\t\t\t\t\n\t\t\t\t\n\t\t\t\t<div class=\"et_pb_module_inner\">\n\t\t\t\t\t<ul class=\"dsm_icon_list_items dsm_icon_list_ltr_direction dsm_icon_list_layout_vertical\"><\/ul>\n\t\t\t\t<\/div>\n\t\t\t<\/div><\/p>","protected":false},"author":1,"featured_media":0,"parent":0,"menu_order":0,"comment_status":"closed","ping_status":"closed","template":"","meta":{"nf_dc_page":"","_et_pb_use_builder":"on","_et_pb_old_content":"","_et_gb_content_width":"","_monsterinsights_skip_tracking":false,"_monsterinsights_sitenote_active":false,"_monsterinsights_sitenote_note":"","_monsterinsights_sitenote_category":0,"_uf_show_specific_survey":0,"_uf_disable_surveys":false,"footnotes":""},"class_list":["post-13484","page","type-page","status-publish","hentry"],"aioseo_notices":[],"yoast_head":"<!-- This site is optimized with the Yoast SEO plugin v27.2 - https:\/\/yoast.com\/product\/yoast-seo-wordpress\/ -->\n<title>Contact - maja&#039;s beauty<\/title>\n<meta name=\"description\" content=\"Fedezd fel a Majas Beauty-t, ahol professzion\u00e1lis alakform\u00e1l\u00f3 kezel\u00e9sekkel, relax\u00e1l\u00f3 massz\u00e1zsokkal \u00e9s szem\u00e9lyre szabott sz\u00e9ps\u00e9g\u00e1pol\u00e1si szolg\u00e1ltat\u00e1sokkal v\u00e1runk. T\u00f6k\u00e9letes meg\u00fajul\u00e1s egy helyen!\" \/>\n<meta name=\"robots\" content=\"index, follow, max-snippet:-1, max-image-preview:large, max-video-preview:-1\" \/>\n<link rel=\"canonical\" href=\"https:\/\/majasbeauty.com\/hu\/contact\/\" \/>\n<meta property=\"og:locale\" content=\"hu_HU\" \/>\n<meta property=\"og:type\" content=\"article\" \/>\n<meta property=\"og:title\" content=\"Contact - maja&#039;s beauty\" \/>\n<meta property=\"og:description\" content=\"Fedezd fel a Majas Beauty-t, ahol professzion\u00e1lis alakform\u00e1l\u00f3 kezel\u00e9sekkel, relax\u00e1l\u00f3 massz\u00e1zsokkal \u00e9s szem\u00e9lyre szabott sz\u00e9ps\u00e9g\u00e1pol\u00e1si szolg\u00e1ltat\u00e1sokkal v\u00e1runk. T\u00f6k\u00e9letes meg\u00fajul\u00e1s egy helyen!\" \/>\n<meta property=\"og:url\" content=\"https:\/\/majasbeauty.com\/hu\/contact\/\" \/>\n<meta property=\"og:site_name\" content=\"maja&#039;s beauty\" \/>\n<meta property=\"article:modified_time\" content=\"2025-01-22T19:57:46+00:00\" \/>\n<meta property=\"og:image\" content=\"https:\/\/majasbeauty.com\/wp-content\/uploads\/2024\/11\/Untitled_design__1_-removebg-preview.png\" \/>\n\t<meta property=\"og:image:width\" content=\"500\" \/>\n\t<meta property=\"og:image:height\" content=\"500\" \/>\n\t<meta property=\"og:image:type\" content=\"image\/png\" \/>\n<meta name=\"twitter:card\" content=\"summary_large_image\" \/>\n<meta name=\"twitter:label1\" content=\"Becs\u00fclt olvas\u00e1si id\u0151\" \/>\n\t<meta name=\"twitter:data1\" content=\"4 perc\" \/>\n<script type=\"application\/ld+json\" class=\"yoast-schema-graph\">{\"@context\":\"https:\/\/schema.org\",\"@graph\":[{\"@type\":\"WebPage\",\"@id\":\"https:\/\/majasbeauty.com\/en\/contact\/\",\"url\":\"https:\/\/majasbeauty.com\/en\/contact\/\",\"name\":\"Contact - maja&#039;s beauty\",\"isPartOf\":{\"@id\":\"https:\/\/majasbeauty.com\/#website\"},\"datePublished\":\"2024-10-14T08:25:55+00:00\",\"dateModified\":\"2025-01-22T19:57:46+00:00\",\"description\":\"Fedezd fel a Majas Beauty-t, ahol professzion\u00e1lis alakform\u00e1l\u00f3 kezel\u00e9sekkel, relax\u00e1l\u00f3 massz\u00e1zsokkal \u00e9s szem\u00e9lyre szabott sz\u00e9ps\u00e9g\u00e1pol\u00e1si szolg\u00e1ltat\u00e1sokkal v\u00e1runk. T\u00f6k\u00e9letes meg\u00fajul\u00e1s egy helyen!\",\"breadcrumb\":{\"@id\":\"https:\/\/majasbeauty.com\/en\/contact\/#breadcrumb\"},\"inLanguage\":\"hu\",\"potentialAction\":[{\"@type\":\"ReadAction\",\"target\":[\"https:\/\/majasbeauty.com\/en\/contact\/\"]}]},{\"@type\":\"BreadcrumbList\",\"@id\":\"https:\/\/majasbeauty.com\/en\/contact\/#breadcrumb\",\"itemListElement\":[{\"@type\":\"ListItem\",\"position\":1,\"name\":\"Home\",\"item\":\"https:\/\/majasbeauty.com\/en\/\"},{\"@type\":\"ListItem\",\"position\":2,\"name\":\"Contact\"}]},{\"@type\":\"WebSite\",\"@id\":\"https:\/\/majasbeauty.com\/#website\",\"url\":\"https:\/\/majasbeauty.com\/\",\"name\":\"Maja's Beauty\",\"description\":\"Minden Alakform\u00e1l\u00e1s a Powershape-t\u00f6l az Intimpadig\",\"publisher\":{\"@id\":\"https:\/\/majasbeauty.com\/#organization\"},\"alternateName\":\"Maja's Beauty Sz\u00e9ps\u00e9gszalon\",\"potentialAction\":[{\"@type\":\"SearchAction\",\"target\":{\"@type\":\"EntryPoint\",\"urlTemplate\":\"https:\/\/majasbeauty.com\/?s={search_term_string}\"},\"query-input\":{\"@type\":\"PropertyValueSpecification\",\"valueRequired\":true,\"valueName\":\"search_term_string\"}}],\"inLanguage\":\"hu\"},{\"@type\":\"Organization\",\"@id\":\"https:\/\/majasbeauty.com\/#organization\",\"name\":\"Maja's Beauty\",\"url\":\"https:\/\/majasbeauty.com\/\",\"logo\":{\"@type\":\"ImageObject\",\"inLanguage\":\"hu\",\"@id\":\"https:\/\/majasbeauty.com\/#\/schema\/logo\/image\/\",\"url\":\"https:\/\/majasbeauty.com\/wp-content\/uploads\/2024\/11\/Untitled_design__1_-removebg-preview.png\",\"contentUrl\":\"https:\/\/majasbeauty.com\/wp-content\/uploads\/2024\/11\/Untitled_design__1_-removebg-preview.png\",\"width\":500,\"height\":500,\"caption\":\"Maja's Beauty\"},\"image\":{\"@id\":\"https:\/\/majasbeauty.com\/#\/schema\/logo\/image\/\"}}]}<\/script>\n<!-- \/ Yoast SEO plugin. -->","yoast_head_json":{"title":"Contact - maja&#039;s beauty","description":"Fedezd fel a Majas Beauty-t, ahol professzion\u00e1lis alakform\u00e1l\u00f3 kezel\u00e9sekkel, relax\u00e1l\u00f3 massz\u00e1zsokkal \u00e9s szem\u00e9lyre szabott sz\u00e9ps\u00e9g\u00e1pol\u00e1si szolg\u00e1ltat\u00e1sokkal v\u00e1runk. T\u00f6k\u00e9letes meg\u00fajul\u00e1s egy helyen!","robots":{"index":"index","follow":"follow","max-snippet":"max-snippet:-1","max-image-preview":"max-image-preview:large","max-video-preview":"max-video-preview:-1"},"canonical":"https:\/\/majasbeauty.com\/hu\/contact\/","og_locale":"hu_HU","og_type":"article","og_title":"Contact - maja&#039;s beauty","og_description":"Fedezd fel a Majas Beauty-t, ahol professzion\u00e1lis alakform\u00e1l\u00f3 kezel\u00e9sekkel, relax\u00e1l\u00f3 massz\u00e1zsokkal \u00e9s szem\u00e9lyre szabott sz\u00e9ps\u00e9g\u00e1pol\u00e1si szolg\u00e1ltat\u00e1sokkal v\u00e1runk. T\u00f6k\u00e9letes meg\u00fajul\u00e1s egy helyen!","og_url":"https:\/\/majasbeauty.com\/hu\/contact\/","og_site_name":"maja&#039;s beauty","article_modified_time":"2025-01-22T19:57:46+00:00","og_image":[{"width":500,"height":500,"url":"https:\/\/majasbeauty.com\/wp-content\/uploads\/2024\/11\/Untitled_design__1_-removebg-preview.png","type":"image\/png"}],"twitter_card":"summary_large_image","twitter_misc":{"Becs\u00fclt olvas\u00e1si id\u0151":"4 perc"},"schema":{"@context":"https:\/\/schema.org","@graph":[{"@type":"WebPage","@id":"https:\/\/majasbeauty.com\/en\/contact\/","url":"https:\/\/majasbeauty.com\/en\/contact\/","name":"Contact - maja&#039;s beauty","isPartOf":{"@id":"https:\/\/majasbeauty.com\/#website"},"datePublished":"2024-10-14T08:25:55+00:00","dateModified":"2025-01-22T19:57:46+00:00","description":"Fedezd fel a Majas Beauty-t, ahol professzion\u00e1lis alakform\u00e1l\u00f3 kezel\u00e9sekkel, relax\u00e1l\u00f3 massz\u00e1zsokkal \u00e9s szem\u00e9lyre szabott sz\u00e9ps\u00e9g\u00e1pol\u00e1si szolg\u00e1ltat\u00e1sokkal v\u00e1runk. T\u00f6k\u00e9letes meg\u00fajul\u00e1s egy helyen!","breadcrumb":{"@id":"https:\/\/majasbeauty.com\/en\/contact\/#breadcrumb"},"inLanguage":"hu","potentialAction":[{"@type":"ReadAction","target":["https:\/\/majasbeauty.com\/en\/contact\/"]}]},{"@type":"BreadcrumbList","@id":"https:\/\/majasbeauty.com\/en\/contact\/#breadcrumb","itemListElement":[{"@type":"ListItem","position":1,"name":"Home","item":"https:\/\/majasbeauty.com\/en\/"},{"@type":"ListItem","position":2,"name":"Contact"}]},{"@type":"WebSite","@id":"https:\/\/majasbeauty.com\/#website","url":"https:\/\/majasbeauty.com\/","name":"Maja's Beauty","description":"Minden Alakform\u00e1l\u00e1s a Powershape-t\u00f6l az Intimpadig","publisher":{"@id":"https:\/\/majasbeauty.com\/#organization"},"alternateName":"Maja's Beauty Sz\u00e9ps\u00e9gszalon","potentialAction":[{"@type":"SearchAction","target":{"@type":"EntryPoint","urlTemplate":"https:\/\/majasbeauty.com\/?s={search_term_string}"},"query-input":{"@type":"PropertyValueSpecification","valueRequired":true,"valueName":"search_term_string"}}],"inLanguage":"hu"},{"@type":"Organization","@id":"https:\/\/majasbeauty.com\/#organization","name":"Maja's Beauty","url":"https:\/\/majasbeauty.com\/","logo":{"@type":"ImageObject","inLanguage":"hu","@id":"https:\/\/majasbeauty.com\/#\/schema\/logo\/image\/","url":"https:\/\/majasbeauty.com\/wp-content\/uploads\/2024\/11\/Untitled_design__1_-removebg-preview.png","contentUrl":"https:\/\/majasbeauty.com\/wp-content\/uploads\/2024\/11\/Untitled_design__1_-removebg-preview.png","width":500,"height":500,"caption":"Maja's Beauty"},"image":{"@id":"https:\/\/majasbeauty.com\/#\/schema\/logo\/image\/"}}]}},"_links":{"self":[{"href":"https:\/\/majasbeauty.com\/hu\/wp-json\/wp\/v2\/pages\/13484","targetHints":{"allow":["GET"]}}],"collection":[{"href":"https:\/\/majasbeauty.com\/hu\/wp-json\/wp\/v2\/pages"}],"about":[{"href":"https:\/\/majasbeauty.com\/hu\/wp-json\/wp\/v2\/types\/page"}],"author":[{"embeddable":true,"href":"https:\/\/majasbeauty.com\/hu\/wp-json\/wp\/v2\/users\/1"}],"replies":[{"embeddable":true,"href":"https:\/\/majasbeauty.com\/hu\/wp-json\/wp\/v2\/comments?post=13484"}],"version-history":[{"count":5,"href":"https:\/\/majasbeauty.com\/hu\/wp-json\/wp\/v2\/pages\/13484\/revisions"}],"predecessor-version":[{"id":26043471,"href":"https:\/\/majasbeauty.com\/hu\/wp-json\/wp\/v2\/pages\/13484\/revisions\/26043471"}],"wp:attachment":[{"href":"https:\/\/majasbeauty.com\/hu\/wp-json\/wp\/v2\/media?parent=13484"}],"curies":[{"name":"wp","href":"https:\/\/api.w.org\/{rel}","templated":true}]}}