{"id":26043476,"date":"2025-01-29T17:20:22","date_gmt":"2025-01-29T17:20:22","guid":{"rendered":"https:\/\/majasbeauty.com\/?page_id=26043476"},"modified":"2025-04-15T13:29:07","modified_gmt":"2025-04-15T13:29:07","slug":"facial-treatments-2","status":"publish","type":"page","link":"https:\/\/majasbeauty.com\/hu\/facial-treatments-2\/","title":{"rendered":"Arckezel\u00e9sek:"},"content":{"rendered":"<p>[et_pb_section fb_built=&#8221;1&#8243; _builder_version=&#8221;4.18.0&#8243; _module_preset=&#8221;default&#8221; custom_padding=&#8221;51px||||false|false&#8221; locked=&#8221;off&#8221; global_colors_info=&#8221;{}&#8221;][et_pb_row column_structure=&#8221;1_2,1_2&#8243; _builder_version=&#8221;4.27.2&#8243; _module_preset=&#8221;default&#8221; custom_css_main_element=&#8221;||display: flex;||flex-wrap: wrap;||align-items: center;||&#8221; global_colors_info=&#8221;{}&#8221;][et_pb_column type=&#8221;1_2&#8243; _builder_version=&#8221;4.18.0&#8243; _module_preset=&#8221;default&#8221; global_colors_info=&#8221;{}&#8221;][et_pb_image src=&#8221;https:\/\/majasbeauty.com\/wp-content\/uploads\/2024\/10\/pngegg-2.png&#8221; title_text=&#8221;pngegg-2&#8243; _builder_version=&#8221;4.27.4&#8243; _module_preset=&#8221;default&#8221; animation_style=&#8221;fade&#8221; global_colors_info=&#8221;{}&#8221;][\/et_pb_image][\/et_pb_column][et_pb_column type=&#8221;1_2&#8243; _builder_version=&#8221;4.27.2&#8243; _module_preset=&#8221;default&#8221; background_color=&#8221;gcid-11d16c16-5e95-406e-ac8c-e0ae46785496&#8243; custom_padding=&#8221;31px|33px|31px|33px|true|true&#8221; animation_style=&#8221;fade&#8221; global_colors_info=&#8221;{%22gcid-11d16c16-5e95-406e-ac8c-e0ae46785496%22:%91%22background_color%22%93}&#8221;][et_pb_text _builder_version=&#8221;4.27.4&#8243; _module_preset=&#8221;default&#8221; header_font=&#8221;&#8211;et_global_heading_font|300|||||||&#8221; header_font_size=&#8221;2em&#8221; header_line_height=&#8221;1.1em&#8221; custom_margin=&#8221;||3px|||&#8221; custom_padding=&#8221;||0px|||&#8221; locked=&#8221;off&#8221; global_colors_info=&#8221;{}&#8221;]<\/p>\n<h1 class=\"tw-data-text tw-text-large tw-ta\" data-placeholder=\"Translation\" id=\"tw-target-text\" data-ved=\"2ahUKEwjVjqedxrWJAxWXcaQEHQ_JGboQ3ewLegQIChAU\" dir=\"ltr\" aria-label=\"Translated text: GLOBE MASTERSculpt HIEMT Shaping Machine (13 Tesla, 200Hz):\"><span class=\"Y2IQFc\" lang=\"en\">Arckezel\u00e9sek:<\/span><\/h1>\n<p>[\/et_pb_text][et_pb_text _builder_version=&#8221;4.27.4&#8243; _module_preset=&#8221;default&#8221; text_font=&#8221;Newsreader|300|||||||&#8221; text_font_size=&#8221;22px&#8221; text_line_height=&#8221;1.3em&#8221; locked=&#8221;off&#8221; global_colors_info=&#8221;{}&#8221;]<\/p>\n<p data-pm-slice=\"0 0 []\"><strong>IPL l\u00e9zeres sz\u0151rtelen\u00edt\u00e9s<\/strong> Az IPL technol\u00f3gia seg\u00edts\u00e9g\u00e9vel gyorsan \u00e9s hat\u00e9konyan szabadulhatsz meg a nem k\u00edv\u00e1nt arcsz\u0151rzett\u0151l. A kezel\u00e9s k\u00edm\u00e9letes, m\u00e9gis tart\u00f3s eredm\u00e9nyt biztos\u00edt \u2013 az arcb\u0151r sim\u00e1bb, puh\u00e1bb, \u00e9s sminkel\u00e9s n\u00e9lk\u00fcl is szebb lesz.<\/p>\n<p><strong>Arcfiatal\u00edt\u00f3 Tokakezel\u00e9s:<\/strong> <strong>Double Chin Treatment<\/strong> Form\u00e1zd \u00fajra arcod kont\u00farj\u00e1t! Ez a c\u00e9lzott kezel\u00e9s seg\u00edt cs\u00f6kkenteni az \u00e1ll alatti zs\u00edrp\u00e1rn\u00e1kat \u00e9s feszes\u00edti a laza b\u0151rt, hogy arcod karakteresebb \u00e9s frissebb megjelen\u00e9s\u0171 legyen \u2013 seb\u00e9szk\u00e9s n\u00e9lk\u00fcl.<\/p>\n<p><strong>Arcfiatal\u00edt\u00f3 Tokakezel\u00e9s:<\/strong> <strong>Arcfiatal\u00edt\u00f3 R\u00e1di\u00f3frekvenci\u00e1s \u00edvkezel\u00e9s<\/strong> A kezel\u00e9s r\u00e1di\u00f3frekvenci\u00e1val dolgozik, ami m\u00e9lyen a b\u0151rbe hatolva serkenti a kollag\u00e9ntermel\u00e9st. Az eredm\u00e9ny: feszesebb, rugalmasabb b\u0151r, cs\u00f6kkent r\u00e1ncok, fiatalosabb arckont\u00farok \u2013 teljesen f\u00e1jdalommentesen.<\/p>\n<div class=\"et_pb_module et_pb_text et_pb_text_2  et_pb_text_align_left et_pb_bg_layout_light\">\n<div class=\"et_pb_text_inner\"><\/div>\n<\/div>\n<p>[\/et_pb_text][\/et_pb_column][\/et_pb_row][\/et_pb_section][et_pb_section fb_built=&#8221;1&#8243; _builder_version=&#8221;4.27.2&#8243; _module_preset=&#8221;default&#8221; use_background_color_gradient=&#8221;on&#8221; background_color_gradient_direction=&#8221;90deg&#8221; background_color_gradient_stops=&#8221;#b3822c 1%|#aa8734 59%|rgba(255,255,255,0) 100%&#8221; background_color_gradient_overlays_image=&#8221;on&#8221; background_image=&#8221;https:\/\/majasbeauty.com\/wp-content\/uploads\/2024\/10\/svitlanahulko230100227.jpg&#8221; custom_padding=&#8221;149px|||||&#8221; top_divider_style=&#8221;ramp2&#8243; top_divider_color=&#8221;gcid-73995bb7-1e1a-4162-b88c-ed14299b0db5&#8243; top_divider_height=&#8221;101px&#8221; background_color_phone=&#8221;#BC9754&#8243; background_last_edited=&#8221;on|phone&#8221; background_enable_color_phone=&#8221;on&#8221; use_background_color_gradient_phone=&#8221;off&#8221; background_enable_image_phone=&#8221;off&#8221; saved_tabs=&#8221;all&#8221; locked=&#8221;off&#8221; global_colors_info=&#8221;{%22gcid-73995bb7-1e1a-4162-b88c-ed14299b0db5%22:%91%22top_divider_color%22%93}&#8221;][et_pb_row _builder_version=&#8221;4.18.0&#8243; _module_preset=&#8221;default&#8221; custom_css_main_element=&#8221;display: flex;||justify-content: center;&#8221; global_colors_info=&#8221;{}&#8221;][et_pb_column type=&#8221;4_4&#8243; _builder_version=&#8221;4.18.0&#8243; _module_preset=&#8221;default&#8221; global_colors_info=&#8221;{}&#8221; custom_css_main_element_last_edited=&#8221;on|phone&#8221; custom_css_main_element_phone=&#8221;display: flex;||flex-wrap: wrap;||justify-content: center;||align-items: center; &#8220;][et_pb_text _builder_version=&#8221;4.27.2&#8243; _module_preset=&#8221;default&#8221; text_font=&#8221;Newsreader||||||||&#8221; header_font=&#8221;Newsreader|300|||||||&#8221; header_font_size=&#8221;3.5em&#8221; header_2_font=&#8221;Newsreader|300|||||||&#8221; header_2_text_color=&#8221;#FFFFFF&#8221; header_2_font_size=&#8221;36px&#8221; width=&#8221;93%&#8221; width_tablet=&#8221;93%&#8221; width_phone=&#8221;93%&#8221; width_last_edited=&#8221;on|phone&#8221; custom_margin=&#8221;||-1px|||&#8221; animation_style=&#8221;fade&#8221; animation_duration=&#8221;550ms&#8221; header_2_text_align_tablet=&#8221;&#8221; header_2_text_align_phone=&#8221;center&#8221; header_2_text_align_last_edited=&#8221;on|phone&#8221; locked=&#8221;off&#8221; global_colors_info=&#8221;{}&#8221;]<\/p>\n<h2 class=\"et_pb_slide_title\"><span>Foglaljon Konzult\u00e1ci\u00f3t<\/span><\/h2>\n<p>[\/et_pb_text][et_pb_text _builder_version=&#8221;4.27.4&#8243; _module_preset=&#8221;default&#8221; text_font=&#8221;Newsreader|300|||||||&#8221; text_text_color=&#8221;#FFFFFF&#8221; text_font_size=&#8221;21px&#8221; text_line_height=&#8221;1.3em&#8221; max_width=&#8221;600px&#8221; custom_margin=&#8221;||21px|||&#8221; animation_style=&#8221;fade&#8221; animation_duration=&#8221;550ms&#8221; hover_enabled=&#8221;0&#8243; text_orientation_tablet=&#8221;&#8221; text_orientation_phone=&#8221;center&#8221; text_orientation_last_edited=&#8221;on|phone&#8221; locked=&#8221;off&#8221; global_colors_info=&#8221;{}&#8221; sticky_enabled=&#8221;0&#8243;]<\/p>\n<p>Ha nem tudod, melyik kezel\u00e9s a legmegfelel\u0151bb sz\u00e1modra, egy cs\u00e9sze k\u00e1v\u00e9 vagy tea mellett egy konzult\u00e1ci\u00f3 alkalm\u00e1val szem\u00e9lyre szabott kezel\u00e9si tervet \u00e1ll\u00edtunk \u00f6ssze sz\u00e1modra, \u00e9s lehet\u0151s\u00e9ged lesz kipr\u00f3b\u00e1lni a kezel\u00e9seket, miel\u0151tt d\u00f6ntesz!\nig\u00e9nybev\u00e9tel\u00e9hez foglaljon id\u0151pontot konzult\u00e1ci\u00f3ra.<\/p>\n<p><span>A konzult\u00e1ci\u00f3 sor\u00e1n megismerheti a g\u00e9peinket \u00e9s  kezel\u00e9seinket, k\u00f6z\u00f6sen kit\u0171zz\u00fck a c\u00e9ljait, \u00e9s ha el\u00e9gedett, lefoglaljuk az els\u0151 id\u0151pontj\u00e1t.\u00a0<strong>K\u00e9szen \u00e1ll a v\u00e1ltoz\u00e1sra?<\/strong><\/span><\/p>\n<p>[\/et_pb_text][et_pb_button button_url=&#8221;https:\/\/majas-beauty.salonic.hu\/&#8221; button_text=&#8221;Book an appointment&#8221; button_alignment=&#8221;left&#8221; module_class=&#8221;amelia-popup&#8221; _builder_version=&#8221;4.27.2&#8243; _module_preset=&#8221;default&#8221; custom_button=&#8221;on&#8221; button_text_size=&#8221;18px&#8221; button_text_color=&#8221;gcid-primary-color&#8221; button_bg_color=&#8221;gcid-73995bb7-1e1a-4162-b88c-ed14299b0db5&#8243; button_border_width=&#8221;0px&#8221; button_border_color=&#8221;RGBA(255,255,255,0)&#8221; button_border_radius=&#8221;0px&#8221; animation_style=&#8221;fade&#8221; animation_duration=&#8221;550ms&#8221; global_colors_info=&#8221;{%22gcid-73995bb7-1e1a-4162-b88c-ed14299b0db5%22:%91%22button_bg_color%22%93,%22gcid-primary-color%22:%91%22button_text_color%22%93}&#8221;][\/et_pb_button][\/et_pb_column][\/et_pb_row][\/et_pb_section][et_pb_section fb_built=&#8221;1&#8243; prev_background_color=&#8221;#ffffff&#8221; _builder_version=&#8221;4.27.4&#8243; _module_preset=&#8221;default&#8221; background_color=&#8221;gcid-11d16c16-5e95-406e-ac8c-e0ae46785496&#8243; custom_padding=&#8221;131px||||false|false&#8221; top_divider_style=&#8221;curve2&#8243; top_divider_height=&#8221;74px&#8221; top_divider_flip=&#8221;vertical&#8221; background_color_phone=&#8221;#BC9754&#8243; background_enable_color_phone=&#8221;on&#8221; use_background_color_gradient_phone=&#8221;off&#8221; background_enable_image_phone=&#8221;off&#8221; locked=&#8221;off&#8221; global_colors_info=&#8221;{%22gcid-11d16c16-5e95-406e-ac8c-e0ae46785496%22:%91%22background_color%22%93}&#8221;][et_pb_row column_structure=&#8221;1_2,1_2&#8243; _builder_version=&#8221;4.27.2&#8243; _module_preset=&#8221;default&#8221; module_alignment=&#8221;center&#8221; custom_padding=&#8221;30px|||||&#8221; global_colors_info=&#8221;{}&#8221;][et_pb_column type=&#8221;1_2&#8243; _builder_version=&#8221;4.27.2&#8243; _module_preset=&#8221;default&#8221; global_colors_info=&#8221;{}&#8221;][et_pb_text _builder_version=&#8221;4.27.4&#8243; _module_preset=&#8221;default&#8221; text_font=&#8221;Newsreader||||||||&#8221; header_font=&#8221;&#8211;et_global_heading_font|300|||||||&#8221; header_text_color=&#8221;#E0B569&#8243; header_font_size=&#8221;3.5em&#8221; header_2_font=&#8221;&#8211;et_global_heading_font|300|||||||&#8221; header_2_text_color=&#8221;#BC9754&#8243; header_2_font_size=&#8221;33px&#8221; width=&#8221;93%&#8221; width_tablet=&#8221;93%&#8221; width_phone=&#8221;93%&#8221; width_last_edited=&#8221;on|phone&#8221; custom_margin=&#8221;||-1px|||&#8221; animation_style=&#8221;fade&#8221; global_colors_info=&#8221;{}&#8221;]<\/p>\n<h2>Mire j\u00f3 az IPL l\u00e9zeres sz\u0151rtelen\u00edt\u0151 arckezel\u00e9s?<\/h2>\n<p>[\/et_pb_text][et_pb_text _builder_version=&#8221;4.27.4&#8243; _module_preset=&#8221;default&#8221; text_font=&#8221;Newsreader|300|||||||&#8221; text_font_size=&#8221;22px&#8221; text_line_height=&#8221;1.3em&#8221; custom_margin=&#8221;5px|||||&#8221; animation_style=&#8221;fade&#8221; locked=&#8221;off&#8221; global_colors_info=&#8221;{}&#8221;]<\/p>\n<p>intenz\u00edv pulz\u00e1l\u00f3 f\u00e9nyt (IPL) haszn\u00e1l a nem k\u00edv\u00e1nt arcsz\u0151rzet c\u00e9lzott cs\u00f6kkent\u00e9s\u00e9re. Hosszan tart\u00f3 simas\u00e1got biztos\u00edt, mik\u00f6zben k\u00edm\u00e9letes a b\u0151rh\u00f6z.<\/p>\n<p>[\/et_pb_text][\/et_pb_column][et_pb_column type=&#8221;1_2&#8243; _builder_version=&#8221;4.27.2&#8243; _module_preset=&#8221;default&#8221; global_colors_info=&#8221;{}&#8221;][et_pb_text _builder_version=&#8221;4.27.2&#8243; _module_preset=&#8221;default&#8221; text_font=&#8221;Newsreader||||||||&#8221; header_font=&#8221;Newsreader|300|||||||&#8221; header_text_color=&#8221;#E0B569&#8243; header_font_size=&#8221;3.5em&#8221; header_2_font=&#8221;Newsreader|300|||||||&#8221; header_2_text_color=&#8221;#BC9754&#8243; header_2_font_size=&#8221;33px&#8221; width=&#8221;93%&#8221; width_tablet=&#8221;93%&#8221; width_phone=&#8221;93%&#8221; width_last_edited=&#8221;on|phone&#8221; custom_margin=&#8221;||13px|||&#8221; locked=&#8221;off&#8221; global_colors_info=&#8221;{}&#8221;][\/et_pb_text][et_pb_text _builder_version=&#8221;4.27.4&#8243; _module_preset=&#8221;default&#8221; text_font=&#8221;Newsreader|300|||||||&#8221; text_font_size=&#8221;22px&#8221; text_line_height=&#8221;1.3em&#8221; header_font=&#8221;&#8211;et_global_heading_font||||||||&#8221; header_text_color=&#8221;#B3822C&#8221; custom_margin=&#8221;5px|||||&#8221; animation_style=&#8221;fade&#8221; locked=&#8221;off&#8221; global_colors_info=&#8221;{}&#8221;]<\/p>\n<h1>Mi\u00e9rt Gyere Egy Arcfiatal\u00edt\u00f3 Tokakezel\u00e9sre?<\/h1>\n<ul>\n<li>Speci\u00e1lis kezel\u00e9s, amely cs\u00f6kkenti az \u00e1ll alatti zs\u00edrlerak\u00f3d\u00e1st, mik\u00f6zben feszes\u00edti \u00e9s form\u00e1zza az \u00e1llkapocsvonalat. Seg\u00edt el\u00e9rni egy form\u00e1sabb \u00e9s fiatalosabb megjelen\u00e9st.<\/li>\n<\/ul>\n<h1>Miben seg\u00edt az Arcfiatal\u00edt\u00f3 R\u00e1di\u00f3frekvenci\u00e1s \u00edvkezel\u00e9s?<\/h1>\n<ul>\n<li>Nem seb\u00e9szeti elj\u00e1r\u00e1s, amely r\u00e1di\u00f3frekvenci\u00e1s energi\u00e1t haszn\u00e1l a kollag\u00e9ntermel\u00e9s serkent\u00e9s\u00e9re. Jav\u00edtja a b\u0151r rugalmass\u00e1g\u00e1t, cs\u00f6kkenti a r\u00e1ncokat \u00e9s fokozza a b\u0151r \u00e1ltal\u00e1nos text\u00far\u00e1j\u00e1t.<\/li>\n<\/ul>\n<p>[\/et_pb_text][\/et_pb_column][\/et_pb_row][\/et_pb_section]<\/p>","protected":false},"excerpt":{"rendered":"<p>Facial TreatmentsIPL Laser Hair Removal: Effectively reduces unwanted facial hair for smoother skin. Facial Rejuvenation: Double Chin Treatment Helps tighten and contour the chin area for a more defined look. Facial Rejuvenation: Radiofrequency\u00a0 Treatment Uses radiofrequency to stimulate collagen production, improving skin elasticity and reducing wrinkles. Book a consultation!If you&#8217;re unsure which treatment is best [&hellip;]<\/p>","protected":false},"author":1,"featured_media":0,"parent":0,"menu_order":0,"comment_status":"closed","ping_status":"closed","template":"","meta":{"nf_dc_page":"","_et_pb_use_builder":"on","_et_pb_old_content":"","_et_gb_content_width":"","_monsterinsights_skip_tracking":false,"_monsterinsights_sitenote_active":false,"_monsterinsights_sitenote_note":"","_monsterinsights_sitenote_category":0,"_uf_show_specific_survey":0,"_uf_disable_surveys":false,"footnotes":""},"class_list":["post-26043476","page","type-page","status-publish","hentry"],"aioseo_notices":[],"yoast_head":"<!-- This site is optimized with the Yoast SEO plugin v27.2 - https:\/\/yoast.com\/product\/yoast-seo-wordpress\/ -->\n<title>Facial Treatments - maja&#039;s beauty<\/title>\n<meta name=\"description\" content=\"Fedezd fel a Majas Beauty-t, ahol professzion\u00e1lis alakform\u00e1l\u00f3 kezel\u00e9sekkel, relax\u00e1l\u00f3 massz\u00e1zsokkal \u00e9s szem\u00e9lyre szabott sz\u00e9ps\u00e9g\u00e1pol\u00e1si szolg\u00e1ltat\u00e1sokkal v\u00e1runk. T\u00f6k\u00e9letes meg\u00fajul\u00e1s egy helyen!\" \/>\n<meta name=\"robots\" content=\"index, follow, max-snippet:-1, max-image-preview:large, max-video-preview:-1\" \/>\n<link rel=\"canonical\" href=\"https:\/\/majasbeauty.com\/hu\/facial-treatments-2\/\" \/>\n<meta property=\"og:locale\" content=\"hu_HU\" \/>\n<meta property=\"og:type\" content=\"article\" \/>\n<meta property=\"og:title\" content=\"Facial Treatments - maja&#039;s beauty\" \/>\n<meta property=\"og:description\" content=\"Fedezd fel a Majas Beauty-t, ahol professzion\u00e1lis alakform\u00e1l\u00f3 kezel\u00e9sekkel, relax\u00e1l\u00f3 massz\u00e1zsokkal \u00e9s szem\u00e9lyre szabott sz\u00e9ps\u00e9g\u00e1pol\u00e1si szolg\u00e1ltat\u00e1sokkal v\u00e1runk. T\u00f6k\u00e9letes meg\u00fajul\u00e1s egy helyen!\" \/>\n<meta property=\"og:url\" content=\"https:\/\/majasbeauty.com\/hu\/facial-treatments-2\/\" \/>\n<meta property=\"og:site_name\" content=\"maja&#039;s beauty\" \/>\n<meta property=\"article:modified_time\" content=\"2025-04-15T13:29:07+00:00\" \/>\n<meta property=\"og:image\" content=\"https:\/\/majasbeauty.com\/wp-content\/uploads\/2024\/11\/Untitled_design__1_-removebg-preview.png\" \/>\n\t<meta property=\"og:image:width\" content=\"500\" \/>\n\t<meta property=\"og:image:height\" content=\"500\" \/>\n\t<meta property=\"og:image:type\" content=\"image\/png\" \/>\n<meta name=\"twitter:card\" content=\"summary_large_image\" \/>\n<meta name=\"twitter:label1\" content=\"Becs\u00fclt olvas\u00e1si id\u0151\" \/>\n\t<meta name=\"twitter:data1\" content=\"2 perc\" \/>\n<script type=\"application\/ld+json\" class=\"yoast-schema-graph\">{\"@context\":\"https:\/\/schema.org\",\"@graph\":[{\"@type\":\"WebPage\",\"@id\":\"https:\/\/majasbeauty.com\/en\/facial-treatments-2\/\",\"url\":\"https:\/\/majasbeauty.com\/en\/facial-treatments-2\/\",\"name\":\"Facial Treatments - maja&#039;s beauty\",\"isPartOf\":{\"@id\":\"https:\/\/majasbeauty.com\/#website\"},\"datePublished\":\"2025-01-29T17:20:22+00:00\",\"dateModified\":\"2025-04-15T13:29:07+00:00\",\"description\":\"Fedezd fel a Majas Beauty-t, ahol professzion\u00e1lis alakform\u00e1l\u00f3 kezel\u00e9sekkel, relax\u00e1l\u00f3 massz\u00e1zsokkal \u00e9s szem\u00e9lyre szabott sz\u00e9ps\u00e9g\u00e1pol\u00e1si szolg\u00e1ltat\u00e1sokkal v\u00e1runk. T\u00f6k\u00e9letes meg\u00fajul\u00e1s egy helyen!\",\"breadcrumb\":{\"@id\":\"https:\/\/majasbeauty.com\/en\/facial-treatments-2\/#breadcrumb\"},\"inLanguage\":\"hu\",\"potentialAction\":[{\"@type\":\"ReadAction\",\"target\":[\"https:\/\/majasbeauty.com\/en\/facial-treatments-2\/\"]}]},{\"@type\":\"BreadcrumbList\",\"@id\":\"https:\/\/majasbeauty.com\/en\/facial-treatments-2\/#breadcrumb\",\"itemListElement\":[{\"@type\":\"ListItem\",\"position\":1,\"name\":\"Home\",\"item\":\"https:\/\/majasbeauty.com\/en\/\"},{\"@type\":\"ListItem\",\"position\":2,\"name\":\"Facial Treatments\"}]},{\"@type\":\"WebSite\",\"@id\":\"https:\/\/majasbeauty.com\/#website\",\"url\":\"https:\/\/majasbeauty.com\/\",\"name\":\"Maja's Beauty\",\"description\":\"Minden Alakform\u00e1l\u00e1s a Powershape-t\u00f6l az Intimpadig\",\"publisher\":{\"@id\":\"https:\/\/majasbeauty.com\/#organization\"},\"alternateName\":\"Maja's Beauty Sz\u00e9ps\u00e9gszalon\",\"potentialAction\":[{\"@type\":\"SearchAction\",\"target\":{\"@type\":\"EntryPoint\",\"urlTemplate\":\"https:\/\/majasbeauty.com\/?s={search_term_string}\"},\"query-input\":{\"@type\":\"PropertyValueSpecification\",\"valueRequired\":true,\"valueName\":\"search_term_string\"}}],\"inLanguage\":\"hu\"},{\"@type\":\"Organization\",\"@id\":\"https:\/\/majasbeauty.com\/#organization\",\"name\":\"Maja's Beauty\",\"url\":\"https:\/\/majasbeauty.com\/\",\"logo\":{\"@type\":\"ImageObject\",\"inLanguage\":\"hu\",\"@id\":\"https:\/\/majasbeauty.com\/#\/schema\/logo\/image\/\",\"url\":\"https:\/\/majasbeauty.com\/wp-content\/uploads\/2024\/11\/Untitled_design__1_-removebg-preview.png\",\"contentUrl\":\"https:\/\/majasbeauty.com\/wp-content\/uploads\/2024\/11\/Untitled_design__1_-removebg-preview.png\",\"width\":500,\"height\":500,\"caption\":\"Maja's Beauty\"},\"image\":{\"@id\":\"https:\/\/majasbeauty.com\/#\/schema\/logo\/image\/\"}}]}<\/script>\n<!-- \/ Yoast SEO plugin. -->","yoast_head_json":{"title":"Facial Treatments - maja&#039;s beauty","description":"Fedezd fel a Majas Beauty-t, ahol professzion\u00e1lis alakform\u00e1l\u00f3 kezel\u00e9sekkel, relax\u00e1l\u00f3 massz\u00e1zsokkal \u00e9s szem\u00e9lyre szabott sz\u00e9ps\u00e9g\u00e1pol\u00e1si szolg\u00e1ltat\u00e1sokkal v\u00e1runk. T\u00f6k\u00e9letes meg\u00fajul\u00e1s egy helyen!","robots":{"index":"index","follow":"follow","max-snippet":"max-snippet:-1","max-image-preview":"max-image-preview:large","max-video-preview":"max-video-preview:-1"},"canonical":"https:\/\/majasbeauty.com\/hu\/facial-treatments-2\/","og_locale":"hu_HU","og_type":"article","og_title":"Facial Treatments - maja&#039;s beauty","og_description":"Fedezd fel a Majas Beauty-t, ahol professzion\u00e1lis alakform\u00e1l\u00f3 kezel\u00e9sekkel, relax\u00e1l\u00f3 massz\u00e1zsokkal \u00e9s szem\u00e9lyre szabott sz\u00e9ps\u00e9g\u00e1pol\u00e1si szolg\u00e1ltat\u00e1sokkal v\u00e1runk. T\u00f6k\u00e9letes meg\u00fajul\u00e1s egy helyen!","og_url":"https:\/\/majasbeauty.com\/hu\/facial-treatments-2\/","og_site_name":"maja&#039;s beauty","article_modified_time":"2025-04-15T13:29:07+00:00","og_image":[{"width":500,"height":500,"url":"https:\/\/majasbeauty.com\/wp-content\/uploads\/2024\/11\/Untitled_design__1_-removebg-preview.png","type":"image\/png"}],"twitter_card":"summary_large_image","twitter_misc":{"Becs\u00fclt olvas\u00e1si id\u0151":"2 perc"},"schema":{"@context":"https:\/\/schema.org","@graph":[{"@type":"WebPage","@id":"https:\/\/majasbeauty.com\/en\/facial-treatments-2\/","url":"https:\/\/majasbeauty.com\/en\/facial-treatments-2\/","name":"Facial Treatments - maja&#039;s beauty","isPartOf":{"@id":"https:\/\/majasbeauty.com\/#website"},"datePublished":"2025-01-29T17:20:22+00:00","dateModified":"2025-04-15T13:29:07+00:00","description":"Fedezd fel a Majas Beauty-t, ahol professzion\u00e1lis alakform\u00e1l\u00f3 kezel\u00e9sekkel, relax\u00e1l\u00f3 massz\u00e1zsokkal \u00e9s szem\u00e9lyre szabott sz\u00e9ps\u00e9g\u00e1pol\u00e1si szolg\u00e1ltat\u00e1sokkal v\u00e1runk. T\u00f6k\u00e9letes meg\u00fajul\u00e1s egy helyen!","breadcrumb":{"@id":"https:\/\/majasbeauty.com\/en\/facial-treatments-2\/#breadcrumb"},"inLanguage":"hu","potentialAction":[{"@type":"ReadAction","target":["https:\/\/majasbeauty.com\/en\/facial-treatments-2\/"]}]},{"@type":"BreadcrumbList","@id":"https:\/\/majasbeauty.com\/en\/facial-treatments-2\/#breadcrumb","itemListElement":[{"@type":"ListItem","position":1,"name":"Home","item":"https:\/\/majasbeauty.com\/en\/"},{"@type":"ListItem","position":2,"name":"Facial Treatments"}]},{"@type":"WebSite","@id":"https:\/\/majasbeauty.com\/#website","url":"https:\/\/majasbeauty.com\/","name":"Maja's Beauty","description":"Minden Alakform\u00e1l\u00e1s a Powershape-t\u00f6l az Intimpadig","publisher":{"@id":"https:\/\/majasbeauty.com\/#organization"},"alternateName":"Maja's Beauty Sz\u00e9ps\u00e9gszalon","potentialAction":[{"@type":"SearchAction","target":{"@type":"EntryPoint","urlTemplate":"https:\/\/majasbeauty.com\/?s={search_term_string}"},"query-input":{"@type":"PropertyValueSpecification","valueRequired":true,"valueName":"search_term_string"}}],"inLanguage":"hu"},{"@type":"Organization","@id":"https:\/\/majasbeauty.com\/#organization","name":"Maja's Beauty","url":"https:\/\/majasbeauty.com\/","logo":{"@type":"ImageObject","inLanguage":"hu","@id":"https:\/\/majasbeauty.com\/#\/schema\/logo\/image\/","url":"https:\/\/majasbeauty.com\/wp-content\/uploads\/2024\/11\/Untitled_design__1_-removebg-preview.png","contentUrl":"https:\/\/majasbeauty.com\/wp-content\/uploads\/2024\/11\/Untitled_design__1_-removebg-preview.png","width":500,"height":500,"caption":"Maja's Beauty"},"image":{"@id":"https:\/\/majasbeauty.com\/#\/schema\/logo\/image\/"}}]}},"_links":{"self":[{"href":"https:\/\/majasbeauty.com\/hu\/wp-json\/wp\/v2\/pages\/26043476","targetHints":{"allow":["GET"]}}],"collection":[{"href":"https:\/\/majasbeauty.com\/hu\/wp-json\/wp\/v2\/pages"}],"about":[{"href":"https:\/\/majasbeauty.com\/hu\/wp-json\/wp\/v2\/types\/page"}],"author":[{"embeddable":true,"href":"https:\/\/majasbeauty.com\/hu\/wp-json\/wp\/v2\/users\/1"}],"replies":[{"embeddable":true,"href":"https:\/\/majasbeauty.com\/hu\/wp-json\/wp\/v2\/comments?post=26043476"}],"version-history":[{"count":5,"href":"https:\/\/majasbeauty.com\/hu\/wp-json\/wp\/v2\/pages\/26043476\/revisions"}],"predecessor-version":[{"id":26043535,"href":"https:\/\/majasbeauty.com\/hu\/wp-json\/wp\/v2\/pages\/26043476\/revisions\/26043535"}],"wp:attachment":[{"href":"https:\/\/majasbeauty.com\/hu\/wp-json\/wp\/v2\/media?parent=26043476"}],"curies":[{"name":"wp","href":"https:\/\/api.w.org\/{rel}","templated":true}]}}