{"id":26043489,"date":"2025-01-29T17:31:38","date_gmt":"2025-01-29T17:31:38","guid":{"rendered":"https:\/\/majasbeauty.com\/?page_id=26043489"},"modified":"2025-01-29T17:39:49","modified_gmt":"2025-01-29T17:39:49","slug":"consultation","status":"publish","type":"page","link":"https:\/\/majasbeauty.com\/hu\/consultation\/","title":{"rendered":"Konzult\u00e1ci\u00f3"},"content":{"rendered":"<p>[et_pb_section fb_built=&#8221;1&#8243; _builder_version=&#8221;4.27.2&#8243; _module_preset=&#8221;default&#8221; background_color=&#8221;#F7F1E8&#8243; custom_padding=&#8221;||76px|||&#8221; locked=&#8221;off&#8221; global_colors_info=&#8221;{}&#8221;][et_pb_row _builder_version=&#8221;4.27.2&#8243; _module_preset=&#8221;default&#8221; custom_padding=&#8221;30px|36px|30px|36px|true|true&#8221; global_colors_info=&#8221;{}&#8221;][et_pb_column type=&#8221;4_4&#8243; _builder_version=&#8221;4.18.0&#8243; _module_preset=&#8221;default&#8221; global_colors_info=&#8221;{}&#8221;][et_pb_text _builder_version=&#8221;4.27.4&#8243; _module_preset=&#8221;default&#8221; header_font=&#8221;imperial script|600|||||||&#8221; header_text_align=&#8221;center&#8221; header_text_color=&#8221;#BC9754&#8243; header_font_size=&#8221;3.3em&#8221; custom_margin=&#8221;||-1px|||&#8221; locked=&#8221;off&#8221; global_colors_info=&#8221;{}&#8221;]<\/p>\n<h1 class=\"et_pb_slide_title\">Konzult\u00e1ci\u00f3<\/h1>\n<p>[\/et_pb_text][et_pb_text _builder_version=&#8221;4.27.4&#8243; _module_preset=&#8221;default&#8221; header_font=&#8221;&#8211;et_global_heading_font|300|||||||&#8221; header_text_align=&#8221;center&#8221; header_font_size=&#8221;2.8em&#8221; custom_margin=&#8221;||-1px|||&#8221; custom_padding=&#8221;||0px|||&#8221; locked=&#8221;off&#8221; global_colors_info=&#8221;{}&#8221;]<\/p>\n<h1 class=\"et_pb_slide_title\">A Maja's Beautyn\u00e1l Ingyenes 20 - Perces konzult\u00e1ci\u00f3t aj\u00e1nlunk!<\/h1>\n<p>[\/et_pb_text][et_pb_button button_url=&#8221;https:\/\/majas-beauty.salonic.hu\/&#8221; button_text=&#8221;Book Now&#8221; button_alignment=&#8221;center&#8221; _builder_version=&#8221;4.27.2&#8243; _module_preset=&#8221;default&#8221; custom_margin=&#8221;15px||||false|false&#8221; global_colors_info=&#8221;{}&#8221;][\/et_pb_button][\/et_pb_column][\/et_pb_row][\/et_pb_section][et_pb_section fb_built=&#8221;1&#8243; _builder_version=&#8221;4.27.4&#8243; _module_preset=&#8221;default&#8221; hover_enabled=&#8221;0&#8243; global_colors_info=&#8221;{}&#8221; sticky_enabled=&#8221;0&#8243;][et_pb_row _builder_version=&#8221;4.27.4&#8243; _module_preset=&#8221;default&#8221; global_colors_info=&#8221;{}&#8221;][et_pb_column type=&#8221;4_4&#8243; _builder_version=&#8221;4.27.4&#8243; _module_preset=&#8221;default&#8221; global_colors_info=&#8221;{}&#8221;][et_pb_accordion _builder_version=&#8221;4.27.4&#8243; _module_preset=&#8221;default&#8221; hover_enabled=&#8221;0&#8243; global_colors_info=&#8221;{}&#8221; sticky_enabled=&#8221;0&#8243;][et_pb_accordion_item title=&#8221;Why should I book a free consultation before my treatment?&#8221; open=&#8221;on&#8221; _builder_version=&#8221;4.27.4&#8243; _module_preset=&#8221;default&#8221; hover_enabled=&#8221;0&#8243; global_colors_info=&#8221;{}&#8221; open_toggle_background_color=&#8221;#FEF7ED&#8221; closed_toggle_background_color=&#8221;#FEF7ED&#8221; sticky_enabled=&#8221;0&#8243;]<\/p>\n<p>Az ingyenes konzult\u00e1ci\u00f3 lehet\u0151s\u00e9get ad nek\u00fcnk, hogy felm\u00e9rj\u00fck probl\u00e9m\u00e1it, \u00edgy a legmegfelel\u0151bb kezel\u00e9st kaphatja. K\u00e9rd\u00e9seket tehet fel, megismerheti a folyamatot, \u00e9s szem\u00e9lyre szabott aj\u00e1nl\u00e1sokat kaphat\u2014mindezt k\u00f6telezetts\u00e9g n\u00e9lk\u00fcl.<\/p>\n<p>[\/et_pb_accordion_item][et_pb_accordion_item title=&#8221;What can I expect during the free consultation?&#8221; _builder_version=&#8221;4.27.4&#8243; _module_preset=&#8221;default&#8221; hover_enabled=&#8221;0&#8243; global_colors_info=&#8221;{}&#8221; open=&#8221;off&#8221; background_color=&#8221;#FEF7ED&#8221; background_enable_color=&#8221;on&#8221; sticky_enabled=&#8221;0&#8243;]<\/p>\n<p>A konzult\u00e1ci\u00f3 alatt  \u00e1tbesz\u00e9lj\u00fck sz\u00e9ps\u00e9g\u00e1pol\u00e1si c\u00e9ljait, \u00e9s ismertetj\u00fck a legjobb kezel\u00e9si lehet\u0151s\u00e9geket. \u0150szinte tan\u00e1csot kap arr\u00f3l, mire sz\u00e1m\u00edthat, h\u00e1ny alkalomra lehet sz\u00fcks\u00e9g, \u00e9s milyen ut\u00f3\u00e1pol\u00e1si tan\u00e1csokat \u00e9rdemes k\u00f6vetni.<\/p>\n<p>[\/et_pb_accordion_item][\/et_pb_accordion][\/et_pb_column][\/et_pb_row][\/et_pb_section][et_pb_section fb_built=&#8221;1&#8243; _builder_version=&#8221;4.27.2&#8243; _module_preset=&#8221;default&#8221; use_background_color_gradient=&#8221;on&#8221; background_color_gradient_direction=&#8221;90deg&#8221; background_color_gradient_stops=&#8221;#b3822c 1%|#aa8734 59%|rgba(255,255,255,0) 100%&#8221; background_color_gradient_overlays_image=&#8221;on&#8221; background_image=&#8221;https:\/\/majasbeauty.com\/wp-content\/uploads\/2024\/10\/svitlanahulko230100227.jpg&#8221; custom_padding=&#8221;149px||77px|||&#8221; top_divider_style=&#8221;ramp2&#8243; top_divider_color=&#8221;gcid-73995bb7-1e1a-4162-b88c-ed14299b0db5&#8243; top_divider_height=&#8221;101px&#8221; background_color_phone=&#8221;#BC9754&#8243; background_last_edited=&#8221;on|phone&#8221; background_enable_color_phone=&#8221;on&#8221; use_background_color_gradient_phone=&#8221;off&#8221; background_enable_image_phone=&#8221;off&#8221; saved_tabs=&#8221;all&#8221; locked=&#8221;off&#8221; global_colors_info=&#8221;{%22gcid-73995bb7-1e1a-4162-b88c-ed14299b0db5%22:%91%22top_divider_color%22%93}&#8221;][et_pb_row _builder_version=&#8221;4.18.0&#8243; _module_preset=&#8221;default&#8221; custom_css_main_element=&#8221;display: flex;||justify-content: center;&#8221; global_colors_info=&#8221;{}&#8221;][et_pb_column type=&#8221;4_4&#8243; _builder_version=&#8221;4.18.0&#8243; _module_preset=&#8221;default&#8221; global_colors_info=&#8221;{}&#8221; custom_css_main_element_last_edited=&#8221;on|phone&#8221; custom_css_main_element_phone=&#8221;display: flex;||flex-wrap: wrap;||justify-content: center;||align-items: center; &#8220;][et_pb_text _builder_version=&#8221;4.27.4&#8243; _module_preset=&#8221;default&#8221; text_font=&#8221;Newsreader||||||||&#8221; header_font=&#8221;Newsreader|300|||||||&#8221; header_font_size=&#8221;3.5em&#8221; header_2_font=&#8221;Newsreader|300|||||||&#8221; header_2_text_color=&#8221;#FFFFFF&#8221; header_2_font_size=&#8221;36px&#8221; width=&#8221;93%&#8221; width_tablet=&#8221;93%&#8221; width_phone=&#8221;93%&#8221; width_last_edited=&#8221;on|phone&#8221; custom_margin=&#8221;||-1px|||&#8221; animation_style=&#8221;fade&#8221; animation_duration=&#8221;550ms&#8221; header_2_text_align_tablet=&#8221;&#8221; header_2_text_align_phone=&#8221;center&#8221; header_2_text_align_last_edited=&#8221;on|phone&#8221; locked=&#8221;off&#8221; global_colors_info=&#8221;{}&#8221;]<\/p>\n<h2 class=\"et_pb_slide_title\"><span>Foglaljon D\u00edjmentes konzult\u00e1ci\u00f3t!<\/span><\/h2>\n<p>[\/et_pb_text][et_pb_text _builder_version=&#8221;4.27.4&#8243; _module_preset=&#8221;default&#8221; text_font=&#8221;Newsreader|300|||||||&#8221; text_text_color=&#8221;#FFFFFF&#8221; text_font_size=&#8221;21px&#8221; text_line_height=&#8221;1.3em&#8221; max_width=&#8221;600px&#8221; custom_margin=&#8221;||21px|||&#8221; animation_style=&#8221;fade&#8221; animation_duration=&#8221;550ms&#8221; text_orientation_tablet=&#8221;&#8221; text_orientation_phone=&#8221;center&#8221; text_orientation_last_edited=&#8221;on|phone&#8221; locked=&#8221;off&#8221; global_colors_info=&#8221;{}&#8221;]<\/p>\n<p>Ha nem tudja, melyik kezel\u00e9s a legmegfelel\u0151bb sz\u00e1m\u00e1ra, egy cs\u00e9sze k\u00e1v\u00e9 vagy tea mellett egy besz\u00e9lget\u00e9s \u00e9s \u00e1llapotfelm\u00e9r\u00e9s keretein bel\u00fcl szem\u00e9lyre szabott kezel\u00e9si tervet \u00e1ll\u00edtunk \u00f6ssze \u00f6nnek.\nig\u00e9nybev\u00e9tel\u00e9hez foglaljon id\u0151pontot egy teljesen d\u00edjmentes konzult\u00e1ci\u00f3ra.\u00a0<\/p>\n<p><span>A konzult\u00e1ci\u00f3 sor\u00e1n megismerheti a g\u00e9peinket \u00e9s  kezel\u00e9seinket, k\u00f6z\u00f6sen kit\u0171zz\u00fck a c\u00e9ljait, \u00e9s ha el\u00e9gedett, lefoglaljuk az els\u0151 id\u0151pontj\u00e1t.\u00a0<strong>K\u00e9szen \u00e1ll a v\u00e1ltoz\u00e1sra?<\/strong><\/span><\/p>\n<p>[\/et_pb_text][et_pb_button button_url=&#8221;https:\/\/majas-beauty.salonic.hu\/&#8221; button_text=&#8221;Book an appointment&#8221; button_alignment=&#8221;left&#8221; module_class=&#8221;amelia-popup&#8221; _builder_version=&#8221;4.27.2&#8243; _module_preset=&#8221;default&#8221; custom_button=&#8221;on&#8221; button_text_size=&#8221;18px&#8221; button_text_color=&#8221;gcid-primary-color&#8221; button_bg_color=&#8221;gcid-73995bb7-1e1a-4162-b88c-ed14299b0db5&#8243; button_border_width=&#8221;0px&#8221; button_border_color=&#8221;RGBA(255,255,255,0)&#8221; button_border_radius=&#8221;0px&#8221; animation_style=&#8221;fade&#8221; animation_duration=&#8221;550ms&#8221; global_colors_info=&#8221;{%22gcid-73995bb7-1e1a-4162-b88c-ed14299b0db5%22:%91%22button_bg_color%22%93,%22gcid-primary-color%22:%91%22button_text_color%22%93}&#8221;][\/et_pb_button][\/et_pb_column][\/et_pb_row][\/et_pb_section]<\/p>","protected":false},"excerpt":{"rendered":"<p>ConsultationAt Maja&#8217;s Beauty we offer a free 20 minute consultation!A free consultation allows our us to assess your needs and concerns, ensuring that you receive the most suitable treatment. It\u2019s a great opportunity to ask questions, understand the process, and get personalized recommendations\u2014all with no commitment.During the consultation, we will discuss your beauty goals, and [&hellip;]<\/p>","protected":false},"author":1,"featured_media":0,"parent":0,"menu_order":0,"comment_status":"closed","ping_status":"closed","template":"","meta":{"nf_dc_page":"","_et_pb_use_builder":"on","_et_pb_old_content":"","_et_gb_content_width":"","_monsterinsights_skip_tracking":false,"_monsterinsights_sitenote_active":false,"_monsterinsights_sitenote_note":"","_monsterinsights_sitenote_category":0,"_uf_show_specific_survey":0,"_uf_disable_surveys":false,"footnotes":""},"class_list":["post-26043489","page","type-page","status-publish","hentry"],"aioseo_notices":[],"yoast_head":"<!-- This site is optimized with the Yoast SEO plugin v27.2 - https:\/\/yoast.com\/product\/yoast-seo-wordpress\/ -->\n<title>Consultation - maja&#039;s beauty<\/title>\n<meta name=\"description\" content=\"Fedezd fel a Majas Beauty-t, ahol professzion\u00e1lis alakform\u00e1l\u00f3 kezel\u00e9sekkel, relax\u00e1l\u00f3 massz\u00e1zsokkal \u00e9s szem\u00e9lyre szabott sz\u00e9ps\u00e9g\u00e1pol\u00e1si szolg\u00e1ltat\u00e1sokkal v\u00e1runk. T\u00f6k\u00e9letes meg\u00fajul\u00e1s egy helyen!\" \/>\n<meta name=\"robots\" content=\"index, follow, max-snippet:-1, max-image-preview:large, max-video-preview:-1\" \/>\n<link rel=\"canonical\" href=\"https:\/\/majasbeauty.com\/hu\/consultation\/\" \/>\n<meta property=\"og:locale\" content=\"hu_HU\" \/>\n<meta property=\"og:type\" content=\"article\" \/>\n<meta property=\"og:title\" content=\"Consultation - maja&#039;s beauty\" \/>\n<meta property=\"og:description\" content=\"Fedezd fel a Majas Beauty-t, ahol professzion\u00e1lis alakform\u00e1l\u00f3 kezel\u00e9sekkel, relax\u00e1l\u00f3 massz\u00e1zsokkal \u00e9s szem\u00e9lyre szabott sz\u00e9ps\u00e9g\u00e1pol\u00e1si szolg\u00e1ltat\u00e1sokkal v\u00e1runk. T\u00f6k\u00e9letes meg\u00fajul\u00e1s egy helyen!\" \/>\n<meta property=\"og:url\" content=\"https:\/\/majasbeauty.com\/hu\/consultation\/\" \/>\n<meta property=\"og:site_name\" content=\"maja&#039;s beauty\" \/>\n<meta property=\"article:modified_time\" content=\"2025-01-29T17:39:49+00:00\" \/>\n<meta property=\"og:image\" content=\"https:\/\/majasbeauty.com\/wp-content\/uploads\/2024\/11\/Untitled_design__1_-removebg-preview.png\" \/>\n\t<meta property=\"og:image:width\" content=\"500\" \/>\n\t<meta property=\"og:image:height\" content=\"500\" \/>\n\t<meta property=\"og:image:type\" content=\"image\/png\" \/>\n<meta name=\"twitter:card\" content=\"summary_large_image\" \/>\n<meta name=\"twitter:label1\" content=\"Becs\u00fclt olvas\u00e1si id\u0151\" \/>\n\t<meta name=\"twitter:data1\" content=\"1 perc\" \/>\n<script type=\"application\/ld+json\" class=\"yoast-schema-graph\">{\"@context\":\"https:\/\/schema.org\",\"@graph\":[{\"@type\":\"WebPage\",\"@id\":\"https:\/\/majasbeauty.com\/en\/consultation\/\",\"url\":\"https:\/\/majasbeauty.com\/en\/consultation\/\",\"name\":\"Consultation - maja&#039;s beauty\",\"isPartOf\":{\"@id\":\"https:\/\/majasbeauty.com\/#website\"},\"datePublished\":\"2025-01-29T17:31:38+00:00\",\"dateModified\":\"2025-01-29T17:39:49+00:00\",\"description\":\"Fedezd fel a Majas Beauty-t, ahol professzion\u00e1lis alakform\u00e1l\u00f3 kezel\u00e9sekkel, relax\u00e1l\u00f3 massz\u00e1zsokkal \u00e9s szem\u00e9lyre szabott sz\u00e9ps\u00e9g\u00e1pol\u00e1si szolg\u00e1ltat\u00e1sokkal v\u00e1runk. T\u00f6k\u00e9letes meg\u00fajul\u00e1s egy helyen!\",\"breadcrumb\":{\"@id\":\"https:\/\/majasbeauty.com\/en\/consultation\/#breadcrumb\"},\"inLanguage\":\"hu\",\"potentialAction\":[{\"@type\":\"ReadAction\",\"target\":[\"https:\/\/majasbeauty.com\/en\/consultation\/\"]}]},{\"@type\":\"BreadcrumbList\",\"@id\":\"https:\/\/majasbeauty.com\/en\/consultation\/#breadcrumb\",\"itemListElement\":[{\"@type\":\"ListItem\",\"position\":1,\"name\":\"Home\",\"item\":\"https:\/\/majasbeauty.com\/en\/\"},{\"@type\":\"ListItem\",\"position\":2,\"name\":\"Consultation\"}]},{\"@type\":\"WebSite\",\"@id\":\"https:\/\/majasbeauty.com\/#website\",\"url\":\"https:\/\/majasbeauty.com\/\",\"name\":\"Maja's Beauty\",\"description\":\"Minden Alakform\u00e1l\u00e1s a Powershape-t\u00f6l az Intimpadig\",\"publisher\":{\"@id\":\"https:\/\/majasbeauty.com\/#organization\"},\"alternateName\":\"Maja's Beauty Sz\u00e9ps\u00e9gszalon\",\"potentialAction\":[{\"@type\":\"SearchAction\",\"target\":{\"@type\":\"EntryPoint\",\"urlTemplate\":\"https:\/\/majasbeauty.com\/?s={search_term_string}\"},\"query-input\":{\"@type\":\"PropertyValueSpecification\",\"valueRequired\":true,\"valueName\":\"search_term_string\"}}],\"inLanguage\":\"hu\"},{\"@type\":\"Organization\",\"@id\":\"https:\/\/majasbeauty.com\/#organization\",\"name\":\"Maja's Beauty\",\"url\":\"https:\/\/majasbeauty.com\/\",\"logo\":{\"@type\":\"ImageObject\",\"inLanguage\":\"hu\",\"@id\":\"https:\/\/majasbeauty.com\/#\/schema\/logo\/image\/\",\"url\":\"https:\/\/majasbeauty.com\/wp-content\/uploads\/2024\/11\/Untitled_design__1_-removebg-preview.png\",\"contentUrl\":\"https:\/\/majasbeauty.com\/wp-content\/uploads\/2024\/11\/Untitled_design__1_-removebg-preview.png\",\"width\":500,\"height\":500,\"caption\":\"Maja's Beauty\"},\"image\":{\"@id\":\"https:\/\/majasbeauty.com\/#\/schema\/logo\/image\/\"}}]}<\/script>\n<!-- \/ Yoast SEO plugin. -->","yoast_head_json":{"title":"Consultation - maja&#039;s beauty","description":"Fedezd fel a Majas Beauty-t, ahol professzion\u00e1lis alakform\u00e1l\u00f3 kezel\u00e9sekkel, relax\u00e1l\u00f3 massz\u00e1zsokkal \u00e9s szem\u00e9lyre szabott sz\u00e9ps\u00e9g\u00e1pol\u00e1si szolg\u00e1ltat\u00e1sokkal v\u00e1runk. T\u00f6k\u00e9letes meg\u00fajul\u00e1s egy helyen!","robots":{"index":"index","follow":"follow","max-snippet":"max-snippet:-1","max-image-preview":"max-image-preview:large","max-video-preview":"max-video-preview:-1"},"canonical":"https:\/\/majasbeauty.com\/hu\/consultation\/","og_locale":"hu_HU","og_type":"article","og_title":"Consultation - maja&#039;s beauty","og_description":"Fedezd fel a Majas Beauty-t, ahol professzion\u00e1lis alakform\u00e1l\u00f3 kezel\u00e9sekkel, relax\u00e1l\u00f3 massz\u00e1zsokkal \u00e9s szem\u00e9lyre szabott sz\u00e9ps\u00e9g\u00e1pol\u00e1si szolg\u00e1ltat\u00e1sokkal v\u00e1runk. T\u00f6k\u00e9letes meg\u00fajul\u00e1s egy helyen!","og_url":"https:\/\/majasbeauty.com\/hu\/consultation\/","og_site_name":"maja&#039;s beauty","article_modified_time":"2025-01-29T17:39:49+00:00","og_image":[{"width":500,"height":500,"url":"https:\/\/majasbeauty.com\/wp-content\/uploads\/2024\/11\/Untitled_design__1_-removebg-preview.png","type":"image\/png"}],"twitter_card":"summary_large_image","twitter_misc":{"Becs\u00fclt olvas\u00e1si id\u0151":"1 perc"},"schema":{"@context":"https:\/\/schema.org","@graph":[{"@type":"WebPage","@id":"https:\/\/majasbeauty.com\/en\/consultation\/","url":"https:\/\/majasbeauty.com\/en\/consultation\/","name":"Consultation - maja&#039;s beauty","isPartOf":{"@id":"https:\/\/majasbeauty.com\/#website"},"datePublished":"2025-01-29T17:31:38+00:00","dateModified":"2025-01-29T17:39:49+00:00","description":"Fedezd fel a Majas Beauty-t, ahol professzion\u00e1lis alakform\u00e1l\u00f3 kezel\u00e9sekkel, relax\u00e1l\u00f3 massz\u00e1zsokkal \u00e9s szem\u00e9lyre szabott sz\u00e9ps\u00e9g\u00e1pol\u00e1si szolg\u00e1ltat\u00e1sokkal v\u00e1runk. T\u00f6k\u00e9letes meg\u00fajul\u00e1s egy helyen!","breadcrumb":{"@id":"https:\/\/majasbeauty.com\/en\/consultation\/#breadcrumb"},"inLanguage":"hu","potentialAction":[{"@type":"ReadAction","target":["https:\/\/majasbeauty.com\/en\/consultation\/"]}]},{"@type":"BreadcrumbList","@id":"https:\/\/majasbeauty.com\/en\/consultation\/#breadcrumb","itemListElement":[{"@type":"ListItem","position":1,"name":"Home","item":"https:\/\/majasbeauty.com\/en\/"},{"@type":"ListItem","position":2,"name":"Consultation"}]},{"@type":"WebSite","@id":"https:\/\/majasbeauty.com\/#website","url":"https:\/\/majasbeauty.com\/","name":"Maja's Beauty","description":"Minden Alakform\u00e1l\u00e1s a Powershape-t\u00f6l az Intimpadig","publisher":{"@id":"https:\/\/majasbeauty.com\/#organization"},"alternateName":"Maja's Beauty Sz\u00e9ps\u00e9gszalon","potentialAction":[{"@type":"SearchAction","target":{"@type":"EntryPoint","urlTemplate":"https:\/\/majasbeauty.com\/?s={search_term_string}"},"query-input":{"@type":"PropertyValueSpecification","valueRequired":true,"valueName":"search_term_string"}}],"inLanguage":"hu"},{"@type":"Organization","@id":"https:\/\/majasbeauty.com\/#organization","name":"Maja's Beauty","url":"https:\/\/majasbeauty.com\/","logo":{"@type":"ImageObject","inLanguage":"hu","@id":"https:\/\/majasbeauty.com\/#\/schema\/logo\/image\/","url":"https:\/\/majasbeauty.com\/wp-content\/uploads\/2024\/11\/Untitled_design__1_-removebg-preview.png","contentUrl":"https:\/\/majasbeauty.com\/wp-content\/uploads\/2024\/11\/Untitled_design__1_-removebg-preview.png","width":500,"height":500,"caption":"Maja's Beauty"},"image":{"@id":"https:\/\/majasbeauty.com\/#\/schema\/logo\/image\/"}}]}},"_links":{"self":[{"href":"https:\/\/majasbeauty.com\/hu\/wp-json\/wp\/v2\/pages\/26043489","targetHints":{"allow":["GET"]}}],"collection":[{"href":"https:\/\/majasbeauty.com\/hu\/wp-json\/wp\/v2\/pages"}],"about":[{"href":"https:\/\/majasbeauty.com\/hu\/wp-json\/wp\/v2\/types\/page"}],"author":[{"embeddable":true,"href":"https:\/\/majasbeauty.com\/hu\/wp-json\/wp\/v2\/users\/1"}],"replies":[{"embeddable":true,"href":"https:\/\/majasbeauty.com\/hu\/wp-json\/wp\/v2\/comments?post=26043489"}],"version-history":[{"count":4,"href":"https:\/\/majasbeauty.com\/hu\/wp-json\/wp\/v2\/pages\/26043489\/revisions"}],"predecessor-version":[{"id":26043499,"href":"https:\/\/majasbeauty.com\/hu\/wp-json\/wp\/v2\/pages\/26043489\/revisions\/26043499"}],"wp:attachment":[{"href":"https:\/\/majasbeauty.com\/hu\/wp-json\/wp\/v2\/media?parent=26043489"}],"curies":[{"name":"wp","href":"https:\/\/api.w.org\/{rel}","templated":true}]}}