{"id":26043500,"date":"2025-02-01T20:38:29","date_gmt":"2025-02-01T20:38:29","guid":{"rendered":"https:\/\/majasbeauty.com\/?page_id=26043500"},"modified":"2025-04-26T13:04:33","modified_gmt":"2025-04-26T13:04:33","slug":"eyebrow-tattoo","status":"publish","type":"page","link":"https:\/\/majasbeauty.com\/hu\/eyebrow-tattoo\/","title":{"rendered":"Sminktetov\u00e1l\u00e1s:"},"content":{"rendered":"<p>[et_pb_section fb_built=&#8221;1&#8243; _builder_version=&#8221;4.18.0&#8243; _module_preset=&#8221;default&#8221; locked=&#8221;off&#8221; global_colors_info=&#8221;{}&#8221;][et_pb_row column_structure=&#8221;1_2,1_2&#8243; _builder_version=&#8221;4.27.2&#8243; _module_preset=&#8221;default&#8221; custom_css_main_element=&#8221;||display: flex;||flex-wrap: wrap;||align-items: center;||&#8221; global_colors_info=&#8221;{}&#8221;][et_pb_column type=&#8221;1_2&#8243; _builder_version=&#8221;4.18.0&#8243; _module_preset=&#8221;default&#8221; global_colors_info=&#8221;{}&#8221;][et_pb_image src=&#8221;https:\/\/majasbeauty.com\/wp-content\/uploads\/2025\/04\/pros-cons-permanent-makeup-arvivaesthetics.com_.jpg&#8221; title_text=&#8221;pros-cons-permanent-makeup-arvivaesthetics.com_&#8221; _builder_version=&#8221;4.27.4&#8243; _module_preset=&#8221;default&#8221; animation_style=&#8221;fade&#8221; hover_enabled=&#8221;0&#8243; global_colors_info=&#8221;{}&#8221; sticky_enabled=&#8221;0&#8243;][\/et_pb_image][\/et_pb_column][et_pb_column type=&#8221;1_2&#8243; _builder_version=&#8221;4.27.2&#8243; _module_preset=&#8221;default&#8221; background_color=&#8221;gcid-11d16c16-5e95-406e-ac8c-e0ae46785496&#8243; custom_padding=&#8221;31px|33px|31px|33px|true|true&#8221; animation_style=&#8221;fade&#8221; global_colors_info=&#8221;{%22gcid-11d16c16-5e95-406e-ac8c-e0ae46785496%22:%91%22background_color%22%93}&#8221;][et_pb_text _builder_version=&#8221;4.27.4&#8243; _module_preset=&#8221;default&#8221; header_font=&#8221;&#8211;et_global_heading_font|300|||||||&#8221; header_font_size=&#8221;2em&#8221; header_line_height=&#8221;1.1em&#8221; custom_margin=&#8221;||3px|||&#8221; custom_padding=&#8221;||0px|||&#8221; hover_enabled=&#8221;0&#8243; locked=&#8221;off&#8221; global_colors_info=&#8221;{}&#8221; sticky_enabled=&#8221;0&#8243;]<\/p>\n<h1 class=\"tw-data-text tw-text-large tw-ta\" data-placeholder=\"Translation\" id=\"tw-target-text\" data-ved=\"2ahUKEwjVjqedxrWJAxWXcaQEHQ_JGboQ3ewLegQIChAU\" dir=\"ltr\" aria-label=\"Translated text: GLOBE MASTERSculpt HIEMT Shaping Machine (13 Tesla, 200Hz):\"><span class=\"Y2IQFc\" lang=\"en\">Sminktetov\u00e1l\u00e1s<\/span><\/h1>\n<p>[\/et_pb_text][et_pb_text _builder_version=&#8221;4.27.4&#8243; _module_preset=&#8221;default&#8221; text_font=&#8221;Newsreader|300|||||||&#8221; text_font_size=&#8221;22px&#8221; text_line_height=&#8221;1.3em&#8221; hover_enabled=&#8221;0&#8243; locked=&#8221;off&#8221; global_colors_info=&#8221;{}&#8221; sticky_enabled=&#8221;0&#8243;]<\/p>\n<ul>\n<li>Fedezd fel a sminktetov\u00e1l\u00e1s vil\u00e1g\u00e1t, ahol a term\u00e9szetes sz\u00e9ps\u00e9get kiemel\u0151, tart\u00f3s megold\u00e1sok v\u00e1rnak r\u00e1d! Professzion\u00e1lis technik\u00e1inkkal \u00e9s pr\u00e9mium min\u0151s\u00e9g\u0171 anyagainkkal garant\u00e1ljuk, hogy minden vend\u00e9g\u00fcnk egyedi ig\u00e9nyeinek megfelel\u0151, kifog\u00e1stalan eredm\u00e9nyt kapjon. Legyen sz\u00f3 szem\u00f6ld\u00f6kr\u0151l, szemh\u00e9jr\u00f3l vagy ajkakr\u00f3l \u2013 n\u00e1lunk minden apr\u00f3 r\u00e9szletre figyel\u00fcnk, hogy az elk\u00e9sz\u00fclt tetov\u00e1l\u00e1s t\u00f6k\u00e9letesen illeszkedjen szem\u00e9lyis\u00e9gedhez \u00e9s st\u00edlusodhoz.<\/li>\n<\/ul>\n<p>[\/et_pb_text][\/et_pb_column][\/et_pb_row][\/et_pb_section][et_pb_section fb_built=&#8221;1&#8243; prev_background_color=&#8221;#ffffff&#8221; _builder_version=&#8221;4.27.2&#8243; _module_preset=&#8221;default&#8221; background_color=&#8221;gcid-11d16c16-5e95-406e-ac8c-e0ae46785496&#8243; custom_padding=&#8221;131px||||false|false&#8221; top_divider_style=&#8221;curve2&#8243; top_divider_height=&#8221;74px&#8221; top_divider_flip=&#8221;vertical&#8221; background_color_phone=&#8221;#BC9754&#8243; background_enable_color_phone=&#8221;on&#8221; use_background_color_gradient_phone=&#8221;off&#8221; background_enable_image_phone=&#8221;off&#8221; locked=&#8221;off&#8221; global_colors_info=&#8221;{%22gcid-11d16c16-5e95-406e-ac8c-e0ae46785496%22:%91%22background_color%22%93}&#8221;][et_pb_row column_structure=&#8221;1_2,1_2&#8243; _builder_version=&#8221;4.27.2&#8243; _module_preset=&#8221;default&#8221; module_alignment=&#8221;center&#8221; custom_padding=&#8221;30px|||||&#8221; global_colors_info=&#8221;{}&#8221;][et_pb_column type=&#8221;1_2&#8243; _builder_version=&#8221;4.27.2&#8243; _module_preset=&#8221;default&#8221; global_colors_info=&#8221;{}&#8221;][et_pb_text _builder_version=&#8221;4.27.4&#8243; _module_preset=&#8221;default&#8221; text_font=&#8221;Newsreader||||||||&#8221; header_font=&#8221;&#8211;et_global_heading_font|300|||||||&#8221; header_text_color=&#8221;#E0B569&#8243; header_font_size=&#8221;3.5em&#8221; header_2_font=&#8221;&#8211;et_global_heading_font|300|||||||&#8221; header_2_text_color=&#8221;#BC9754&#8243; header_2_font_size=&#8221;33px&#8221; width=&#8221;93%&#8221; width_tablet=&#8221;93%&#8221; width_phone=&#8221;93%&#8221; width_last_edited=&#8221;on|phone&#8221; custom_margin=&#8221;||-1px|||&#8221; animation_style=&#8221;fade&#8221; hover_enabled=&#8221;0&#8243; global_colors_info=&#8221;{}&#8221; sticky_enabled=&#8221;0&#8243;]<\/p>\n<h2>Szem\u00f6ld\u00f6k Sminktetov\u00e1l\u00e1s (kb. 2 \u00f3ra)<\/h2>\n<p>[\/et_pb_text][et_pb_text _builder_version=&#8221;4.27.4&#8243; _module_preset=&#8221;default&#8221; text_font=&#8221;Newsreader|300|||||||&#8221; text_font_size=&#8221;22px&#8221; text_line_height=&#8221;1.3em&#8221; custom_margin=&#8221;5px|||||&#8221; animation_style=&#8221;fade&#8221; hover_enabled=&#8221;0&#8243; locked=&#8221;off&#8221; global_colors_info=&#8221;{}&#8221; sticky_enabled=&#8221;0&#8243;]<\/p>\n<p data-start=\"543\" data-end=\"710\" class=\"\">A szem\u00f6ld\u00f6k kiemeli az arc karakter\u00e9t, ez\u00e9rt fontos, hogy form\u00e1ja \u00e9s sz\u00edne harmoniz\u00e1ljon a term\u00e9szetes von\u00e1sokkal. K\u00fcl\u00f6nb\u00f6z\u0151 technik\u00e1inkkal mindenki megtal\u00e1lhatja a sz\u00e1m\u00e1ra legmegfelel\u0151bb megold\u00e1st:<\/p>\n<ul data-start=\"712\" data-end=\"1111\">\n<li data-start=\"712\" data-end=\"845\" class=\"\">\n<p data-start=\"714\" data-end=\"845\" class=\"\"><strong data-start=\"714\" data-end=\"756\">Sz\u00e1las szem\u00f6ld\u00f6k tetov\u00e1l\u00e1s\u00a0<\/strong><br data-start=\"756\" data-end=\"759\" \/>Term\u00e9szetes hat\u00e1s\u00fa, finom sz\u00e1laz\u00e1ssal k\u00e9sz\u00fclt tetov\u00e1l\u00e1s, amely t\u00f6k\u00e9letesen imit\u00e1lja az igazi szem\u00f6ld\u00f6k sz\u00e1lakat.<\/p>\n<\/li>\n<li data-start=\"847\" data-end=\"966\" class=\"\">\n<p data-start=\"849\" data-end=\"966\" class=\"\"><strong data-start=\"849\" data-end=\"877\">P\u00faderes szem\u00f6ld\u00f6k tetov\u00e1l\u00e1s\u00a0<\/strong><br data-start=\"877\" data-end=\"880\" \/>L\u00e1gy, \u00e1rny\u00e9kolt hat\u00e1s\u00fa technika, amely finom p\u00faderes megjelen\u00e9st k\u00f6lcs\u00f6n\u00f6z, term\u00e9szetesen hangs\u00falyozva a szem\u00f6ld\u00f6k\u00f6t.<\/p>\n<\/li>\n<li data-start=\"968\" data-end=\"1111\" class=\"\">\n<p data-start=\"970\" data-end=\"1111\" class=\"\"><strong data-start=\"970\" data-end=\"998\">Hibrid szem\u00f6ld\u00f6k tetov\u00e1l\u00e1s<\/strong><br data-start=\"998\" data-end=\"1001\" \/>A sz\u00e1las \u00e9s a p\u00faderes technika \u00f6tv\u00f6z\u00e9se, amely egyszerre term\u00e9szetes \u00e9s defini\u00e1lt megjelen\u00e9st biztos\u00edt.<\/p>\n<\/li>\n<\/ul>\n<p>Ez az elj\u00e1r\u00e1s ide\u00e1lis azok sz\u00e1m\u00e1ra, akik ritka, aszimmetrikus vagy fak\u00f3 szem\u00f6ld\u00f6kkel rendelkeznek, illetve id\u0151t szeretn\u00e9nek megtakar\u00edtani a mindennapi sminkel\u00e9s sor\u00e1n. A tart\u00f3s szem\u00f6ld\u00f6ktetov\u00e1l\u00e1s nagy el\u0151nye, hogy a sz\u00ednek \u00e9s a forma a vend\u00e9g ig\u00e9nyeihez igaz\u00edthat\u00f3k, \u00edgy a v\u00e9geredm\u00e9ny mindig harmoniz\u00e1l az egy\u00e9ni st\u00edlussal \u00e9s arcvon\u00e1sokkal.<\/p>\n<p>[\/et_pb_text][\/et_pb_column][et_pb_column type=&#8221;1_2&#8243; _builder_version=&#8221;4.27.2&#8243; _module_preset=&#8221;default&#8221; global_colors_info=&#8221;{}&#8221;][et_pb_text _builder_version=&#8221;4.27.2&#8243; _module_preset=&#8221;default&#8221; text_font=&#8221;Newsreader||||||||&#8221; header_font=&#8221;Newsreader|300|||||||&#8221; header_text_color=&#8221;#E0B569&#8243; header_font_size=&#8221;3.5em&#8221; header_2_font=&#8221;Newsreader|300|||||||&#8221; header_2_text_color=&#8221;#BC9754&#8243; header_2_font_size=&#8221;33px&#8221; width=&#8221;93%&#8221; width_tablet=&#8221;93%&#8221; width_phone=&#8221;93%&#8221; width_last_edited=&#8221;on|phone&#8221; custom_margin=&#8221;||13px|||&#8221; locked=&#8221;off&#8221; global_colors_info=&#8221;{}&#8221;][\/et_pb_text][et_pb_text _builder_version=&#8221;4.27.4&#8243; _module_preset=&#8221;default&#8221; text_font=&#8221;Newsreader|300|||||||&#8221; text_font_size=&#8221;22px&#8221; text_line_height=&#8221;1.3em&#8221; header_font=&#8221;&#8211;et_global_heading_font||||||||&#8221; header_text_color=&#8221;#B3822C&#8221; custom_margin=&#8221;5px|||||&#8221; animation_style=&#8221;fade&#8221; hover_enabled=&#8221;0&#8243; locked=&#8221;off&#8221; global_colors_info=&#8221;{}&#8221; sticky_enabled=&#8221;0&#8243;]<\/p>\n<h1>Szemh\u00e9j Sminktetov\u00e1l\u00e1s (kb. 2 \u00f3ra)<\/h1>\n<ul>\n<li>\n<p data-start=\"1161\" data-end=\"1271\" class=\"\">A szemh\u00e9j tetov\u00e1l\u00e1s\u00e1val tekinteted m\u00e9g kifejez\u0151bb\u00e9 v\u00e1lhat. Technol\u00f3gi\u00e1ink k\u00f6z\u00f6tt mindenki megtal\u00e1lhatja a sz\u00e1m\u00e1ra legmegfelel\u0151bb st\u00edlust:<\/p>\n<ul data-start=\"1273\" data-end=\"1825\">\n<li data-start=\"1273\" data-end=\"1390\" class=\"\">\n<p data-start=\"1275\" data-end=\"1390\" class=\"\"><strong data-start=\"1275\" data-end=\"1318\">Fels\u0151 pillas\u0171r\u00edt\u0151\u00a0<\/strong><br data-start=\"1318\" data-end=\"1321\" \/>A subtle line at the base of the lashes for a fuller, natural look.<\/p>\n<\/li>\n<li data-start=\"1392\" data-end=\"1492\" class=\"\">\n<p data-start=\"1394\" data-end=\"1492\" class=\"\"><strong data-start=\"1394\" data-end=\"1426\">Classic Eyeliner\u00a0<\/strong><br data-start=\"1426\" data-end=\"1429\" \/>Diszkr\u00e9t, term\u00e9szetes hat\u00e1s\u00fa vonal, amely d\u00fasabb\u00e1 var\u00e1zsolja a szempillasort.<\/p>\n<\/li>\n<li data-start=\"1494\" data-end=\"1599\" class=\"\">\n<p data-start=\"1496\" data-end=\"1599\" class=\"\"><strong data-start=\"1496\" data-end=\"1526\">Vastag tusvonal szemre\u00a0<\/strong><br data-start=\"1526\" data-end=\"1529\" \/>Er\u0151teljesebb, karakteres tusvonal, a dr\u00e1maibb hat\u00e1s kedvel\u0151inek.<\/p>\n<\/li>\n<li data-start=\"1601\" data-end=\"1704\" class=\"\">\n<p data-start=\"1603\" data-end=\"1704\" class=\"\"><strong data-start=\"1603\" data-end=\"1633\">F\u00fcst\u00f6s szemh\u00e9j tetov\u00e1l\u00e1s\u00a0<\/strong><br data-start=\"1633\" data-end=\"1636\" \/>L\u00e1gyan sat\u00edrozott, f\u00fcst\u00f6s hat\u00e1s\u00fa szemsmink, amely romantikus \u00e9s n\u0151ies megjelen\u00e9st ad.<\/p>\n<\/li>\n<li data-start=\"1706\" data-end=\"1825\" class=\"\">\n<p data-start=\"1708\" data-end=\"1825\" class=\"\"><strong data-start=\"1708\" data-end=\"1741\">Als\u00f3 szemh\u00e9j vonal<\/strong><br data-start=\"1741\" data-end=\"1744\" \/>Finom vonal az als\u00f3 szempillasor ment\u00e9n, amely kiemeli \u00e9s optikailag nagy\u00edtja a szemet.<\/p>\n<\/li>\n<\/ul>\n<\/li>\n<\/ul>\n<h1>Ajak Sminktetov\u00e1l\u00e1s (kb. 2,5 \u00f3ra)<\/h1>\n<ul>\n<li>\n<p data-start=\"1872\" data-end=\"1980\" class=\"\">Az ajaktetov\u00e1l\u00e1s seg\u00edts\u00e9g\u00e9vel szebb\u00e9, telt hat\u00e1s\u00fav\u00e1 v\u00e1lhat az ajak kont\u00farja \u00e9s sz\u00edne:<\/p>\n<ul data-start=\"1982\" data-end=\"2327\">\n<li data-start=\"1982\" data-end=\"2090\" class=\"\">\n<p data-start=\"1984\" data-end=\"2090\" class=\"\"><strong data-start=\"1984\" data-end=\"2024\">F\u00e9lsat\u00edr ajaktetov\u00e1l\u00e1s<\/strong><br data-start=\"2024\" data-end=\"2027\" \/>Finom \u00e1rny\u00e9kol\u00e1s, amely term\u00e9szetes m\u00f3don hangs\u00falyozza az ajkak form\u00e1j\u00e1t.<\/p>\n<\/li>\n<li data-start=\"2092\" data-end=\"2198\" class=\"\">\n<p data-start=\"2094\" data-end=\"2198\" class=\"\"><strong data-start=\"2094\" data-end=\"2135\">Term\u00e9szetes hat\u00e1s\u00fa ajaktetov\u00e1l\u00e1s<\/strong><br data-start=\"2135\" data-end=\"2138\" \/>L\u00e1gy, szolid sz\u00ednez\u00e9s, amely friss \u00e9s fiatalos megjelen\u00e9st biztos\u00edt.<\/p>\n<\/li>\n<li data-start=\"2200\" data-end=\"2327\" class=\"\">\n<p data-start=\"2202\" data-end=\"2327\" class=\"\"><strong data-start=\"2202\" data-end=\"2233\">Teljes sat\u00edr ajaktetov\u00e1l\u00e1s\u00a0<\/strong><br data-start=\"2233\" data-end=\"2236\" \/>Intenz\u00edvebb sz\u00edn \u00e9s teljes fed\u00e9s az er\u0151teljesebb, tart\u00f3sabb hat\u00e1s \u00e9rdek\u00e9ben.<\/p>\n<\/li>\n<\/ul>\n<\/li>\n<\/ul>\n<p>[\/et_pb_text][\/et_pb_column][\/et_pb_row][\/et_pb_section]<\/p>","protected":false},"excerpt":{"rendered":"<p>PERMANENT TATTOO Discover the world of permanent makeup, where we enhance your natural beauty with long-lasting, elegant solutions! With professional techniques and premium-quality materials, we guarantee perfect results tailored to each guest\u2019s unique needs. Whether it\u2019s your eyebrows, eyes, or lips \u2013 we pay attention to every tiny detail to ensure your new look fits [&hellip;]<\/p>","protected":false},"author":1,"featured_media":0,"parent":0,"menu_order":0,"comment_status":"closed","ping_status":"closed","template":"","meta":{"nf_dc_page":"","_et_pb_use_builder":"on","_et_pb_old_content":"","_et_gb_content_width":"","_monsterinsights_skip_tracking":false,"_monsterinsights_sitenote_active":false,"_monsterinsights_sitenote_note":"","_monsterinsights_sitenote_category":0,"_uf_show_specific_survey":0,"_uf_disable_surveys":false,"footnotes":""},"class_list":["post-26043500","page","type-page","status-publish","hentry"],"aioseo_notices":[],"yoast_head":"<!-- This site is optimized with the Yoast SEO plugin v27.2 - https:\/\/yoast.com\/product\/yoast-seo-wordpress\/ -->\n<title>Permanent Makeup - maja&#039;s beauty<\/title>\n<meta name=\"description\" content=\"Fedezd fel a Majas Beauty-t, ahol professzion\u00e1lis alakform\u00e1l\u00f3 kezel\u00e9sekkel, relax\u00e1l\u00f3 massz\u00e1zsokkal \u00e9s szem\u00e9lyre szabott sz\u00e9ps\u00e9g\u00e1pol\u00e1si szolg\u00e1ltat\u00e1sokkal v\u00e1runk. T\u00f6k\u00e9letes meg\u00fajul\u00e1s egy helyen!\" \/>\n<meta name=\"robots\" content=\"index, follow, max-snippet:-1, max-image-preview:large, max-video-preview:-1\" \/>\n<link rel=\"canonical\" href=\"https:\/\/majasbeauty.com\/hu\/eyebrow-tattoo\/\" \/>\n<meta property=\"og:locale\" content=\"hu_HU\" \/>\n<meta property=\"og:type\" content=\"article\" \/>\n<meta property=\"og:title\" content=\"Permanent Makeup - maja&#039;s beauty\" \/>\n<meta property=\"og:description\" content=\"Fedezd fel a Majas Beauty-t, ahol professzion\u00e1lis alakform\u00e1l\u00f3 kezel\u00e9sekkel, relax\u00e1l\u00f3 massz\u00e1zsokkal \u00e9s szem\u00e9lyre szabott sz\u00e9ps\u00e9g\u00e1pol\u00e1si szolg\u00e1ltat\u00e1sokkal v\u00e1runk. T\u00f6k\u00e9letes meg\u00fajul\u00e1s egy helyen!\" \/>\n<meta property=\"og:url\" content=\"https:\/\/majasbeauty.com\/hu\/eyebrow-tattoo\/\" \/>\n<meta property=\"og:site_name\" content=\"maja&#039;s beauty\" \/>\n<meta property=\"article:modified_time\" content=\"2025-04-26T13:04:33+00:00\" \/>\n<meta property=\"og:image\" content=\"https:\/\/majasbeauty.com\/wp-content\/uploads\/2024\/11\/Untitled_design__1_-removebg-preview.png\" \/>\n\t<meta property=\"og:image:width\" content=\"500\" \/>\n\t<meta property=\"og:image:height\" content=\"500\" \/>\n\t<meta property=\"og:image:type\" content=\"image\/png\" \/>\n<meta name=\"twitter:card\" content=\"summary_large_image\" \/>\n<meta name=\"twitter:label1\" content=\"Becs\u00fclt olvas\u00e1si id\u0151\" \/>\n\t<meta name=\"twitter:data1\" content=\"3 perc\" \/>\n<script type=\"application\/ld+json\" class=\"yoast-schema-graph\">{\"@context\":\"https:\/\/schema.org\",\"@graph\":[{\"@type\":\"WebPage\",\"@id\":\"https:\/\/majasbeauty.com\/en\/eyebrow-tattoo\/\",\"url\":\"https:\/\/majasbeauty.com\/en\/eyebrow-tattoo\/\",\"name\":\"Permanent Makeup - maja&#039;s beauty\",\"isPartOf\":{\"@id\":\"https:\/\/majasbeauty.com\/#website\"},\"datePublished\":\"2025-02-01T20:38:29+00:00\",\"dateModified\":\"2025-04-26T13:04:33+00:00\",\"description\":\"Fedezd fel a Majas Beauty-t, ahol professzion\u00e1lis alakform\u00e1l\u00f3 kezel\u00e9sekkel, relax\u00e1l\u00f3 massz\u00e1zsokkal \u00e9s szem\u00e9lyre szabott sz\u00e9ps\u00e9g\u00e1pol\u00e1si szolg\u00e1ltat\u00e1sokkal v\u00e1runk. T\u00f6k\u00e9letes meg\u00fajul\u00e1s egy helyen!\",\"breadcrumb\":{\"@id\":\"https:\/\/majasbeauty.com\/en\/eyebrow-tattoo\/#breadcrumb\"},\"inLanguage\":\"hu\",\"potentialAction\":[{\"@type\":\"ReadAction\",\"target\":[\"https:\/\/majasbeauty.com\/en\/eyebrow-tattoo\/\"]}]},{\"@type\":\"BreadcrumbList\",\"@id\":\"https:\/\/majasbeauty.com\/en\/eyebrow-tattoo\/#breadcrumb\",\"itemListElement\":[{\"@type\":\"ListItem\",\"position\":1,\"name\":\"Home\",\"item\":\"https:\/\/majasbeauty.com\/en\/\"},{\"@type\":\"ListItem\",\"position\":2,\"name\":\"Permanent Makeup\"}]},{\"@type\":\"WebSite\",\"@id\":\"https:\/\/majasbeauty.com\/#website\",\"url\":\"https:\/\/majasbeauty.com\/\",\"name\":\"Maja's Beauty\",\"description\":\"Minden Alakform\u00e1l\u00e1s a Powershape-t\u00f6l az Intimpadig\",\"publisher\":{\"@id\":\"https:\/\/majasbeauty.com\/#organization\"},\"alternateName\":\"Maja's Beauty Sz\u00e9ps\u00e9gszalon\",\"potentialAction\":[{\"@type\":\"SearchAction\",\"target\":{\"@type\":\"EntryPoint\",\"urlTemplate\":\"https:\/\/majasbeauty.com\/?s={search_term_string}\"},\"query-input\":{\"@type\":\"PropertyValueSpecification\",\"valueRequired\":true,\"valueName\":\"search_term_string\"}}],\"inLanguage\":\"hu\"},{\"@type\":\"Organization\",\"@id\":\"https:\/\/majasbeauty.com\/#organization\",\"name\":\"Maja's Beauty\",\"url\":\"https:\/\/majasbeauty.com\/\",\"logo\":{\"@type\":\"ImageObject\",\"inLanguage\":\"hu\",\"@id\":\"https:\/\/majasbeauty.com\/#\/schema\/logo\/image\/\",\"url\":\"https:\/\/majasbeauty.com\/wp-content\/uploads\/2024\/11\/Untitled_design__1_-removebg-preview.png\",\"contentUrl\":\"https:\/\/majasbeauty.com\/wp-content\/uploads\/2024\/11\/Untitled_design__1_-removebg-preview.png\",\"width\":500,\"height\":500,\"caption\":\"Maja's Beauty\"},\"image\":{\"@id\":\"https:\/\/majasbeauty.com\/#\/schema\/logo\/image\/\"}}]}<\/script>\n<!-- \/ Yoast SEO plugin. -->","yoast_head_json":{"title":"Permanent Makeup - maja&#039;s beauty","description":"Fedezd fel a Majas Beauty-t, ahol professzion\u00e1lis alakform\u00e1l\u00f3 kezel\u00e9sekkel, relax\u00e1l\u00f3 massz\u00e1zsokkal \u00e9s szem\u00e9lyre szabott sz\u00e9ps\u00e9g\u00e1pol\u00e1si szolg\u00e1ltat\u00e1sokkal v\u00e1runk. T\u00f6k\u00e9letes meg\u00fajul\u00e1s egy helyen!","robots":{"index":"index","follow":"follow","max-snippet":"max-snippet:-1","max-image-preview":"max-image-preview:large","max-video-preview":"max-video-preview:-1"},"canonical":"https:\/\/majasbeauty.com\/hu\/eyebrow-tattoo\/","og_locale":"hu_HU","og_type":"article","og_title":"Permanent Makeup - maja&#039;s beauty","og_description":"Fedezd fel a Majas Beauty-t, ahol professzion\u00e1lis alakform\u00e1l\u00f3 kezel\u00e9sekkel, relax\u00e1l\u00f3 massz\u00e1zsokkal \u00e9s szem\u00e9lyre szabott sz\u00e9ps\u00e9g\u00e1pol\u00e1si szolg\u00e1ltat\u00e1sokkal v\u00e1runk. T\u00f6k\u00e9letes meg\u00fajul\u00e1s egy helyen!","og_url":"https:\/\/majasbeauty.com\/hu\/eyebrow-tattoo\/","og_site_name":"maja&#039;s beauty","article_modified_time":"2025-04-26T13:04:33+00:00","og_image":[{"width":500,"height":500,"url":"https:\/\/majasbeauty.com\/wp-content\/uploads\/2024\/11\/Untitled_design__1_-removebg-preview.png","type":"image\/png"}],"twitter_card":"summary_large_image","twitter_misc":{"Becs\u00fclt olvas\u00e1si id\u0151":"3 perc"},"schema":{"@context":"https:\/\/schema.org","@graph":[{"@type":"WebPage","@id":"https:\/\/majasbeauty.com\/en\/eyebrow-tattoo\/","url":"https:\/\/majasbeauty.com\/en\/eyebrow-tattoo\/","name":"Permanent Makeup - maja&#039;s beauty","isPartOf":{"@id":"https:\/\/majasbeauty.com\/#website"},"datePublished":"2025-02-01T20:38:29+00:00","dateModified":"2025-04-26T13:04:33+00:00","description":"Fedezd fel a Majas Beauty-t, ahol professzion\u00e1lis alakform\u00e1l\u00f3 kezel\u00e9sekkel, relax\u00e1l\u00f3 massz\u00e1zsokkal \u00e9s szem\u00e9lyre szabott sz\u00e9ps\u00e9g\u00e1pol\u00e1si szolg\u00e1ltat\u00e1sokkal v\u00e1runk. T\u00f6k\u00e9letes meg\u00fajul\u00e1s egy helyen!","breadcrumb":{"@id":"https:\/\/majasbeauty.com\/en\/eyebrow-tattoo\/#breadcrumb"},"inLanguage":"hu","potentialAction":[{"@type":"ReadAction","target":["https:\/\/majasbeauty.com\/en\/eyebrow-tattoo\/"]}]},{"@type":"BreadcrumbList","@id":"https:\/\/majasbeauty.com\/en\/eyebrow-tattoo\/#breadcrumb","itemListElement":[{"@type":"ListItem","position":1,"name":"Home","item":"https:\/\/majasbeauty.com\/en\/"},{"@type":"ListItem","position":2,"name":"Permanent Makeup"}]},{"@type":"WebSite","@id":"https:\/\/majasbeauty.com\/#website","url":"https:\/\/majasbeauty.com\/","name":"Maja's Beauty","description":"Minden Alakform\u00e1l\u00e1s a Powershape-t\u00f6l az Intimpadig","publisher":{"@id":"https:\/\/majasbeauty.com\/#organization"},"alternateName":"Maja's Beauty Sz\u00e9ps\u00e9gszalon","potentialAction":[{"@type":"SearchAction","target":{"@type":"EntryPoint","urlTemplate":"https:\/\/majasbeauty.com\/?s={search_term_string}"},"query-input":{"@type":"PropertyValueSpecification","valueRequired":true,"valueName":"search_term_string"}}],"inLanguage":"hu"},{"@type":"Organization","@id":"https:\/\/majasbeauty.com\/#organization","name":"Maja's Beauty","url":"https:\/\/majasbeauty.com\/","logo":{"@type":"ImageObject","inLanguage":"hu","@id":"https:\/\/majasbeauty.com\/#\/schema\/logo\/image\/","url":"https:\/\/majasbeauty.com\/wp-content\/uploads\/2024\/11\/Untitled_design__1_-removebg-preview.png","contentUrl":"https:\/\/majasbeauty.com\/wp-content\/uploads\/2024\/11\/Untitled_design__1_-removebg-preview.png","width":500,"height":500,"caption":"Maja's Beauty"},"image":{"@id":"https:\/\/majasbeauty.com\/#\/schema\/logo\/image\/"}}]}},"_links":{"self":[{"href":"https:\/\/majasbeauty.com\/hu\/wp-json\/wp\/v2\/pages\/26043500","targetHints":{"allow":["GET"]}}],"collection":[{"href":"https:\/\/majasbeauty.com\/hu\/wp-json\/wp\/v2\/pages"}],"about":[{"href":"https:\/\/majasbeauty.com\/hu\/wp-json\/wp\/v2\/types\/page"}],"author":[{"embeddable":true,"href":"https:\/\/majasbeauty.com\/hu\/wp-json\/wp\/v2\/users\/1"}],"replies":[{"embeddable":true,"href":"https:\/\/majasbeauty.com\/hu\/wp-json\/wp\/v2\/comments?post=26043500"}],"version-history":[{"count":4,"href":"https:\/\/majasbeauty.com\/hu\/wp-json\/wp\/v2\/pages\/26043500\/revisions"}],"predecessor-version":[{"id":26043586,"href":"https:\/\/majasbeauty.com\/hu\/wp-json\/wp\/v2\/pages\/26043500\/revisions\/26043586"}],"wp:attachment":[{"href":"https:\/\/majasbeauty.com\/hu\/wp-json\/wp\/v2\/media?parent=26043500"}],"curies":[{"name":"wp","href":"https:\/\/api.w.org\/{rel}","templated":true}]}}