{"id":26043613,"date":"2025-06-13T12:47:43","date_gmt":"2025-06-13T12:47:43","guid":{"rendered":"https:\/\/majasbeauty.com\/?page_id=26043613"},"modified":"2025-09-07T11:29:44","modified_gmt":"2025-09-07T11:29:44","slug":"26043613-2","status":"publish","type":"page","link":"https:\/\/majasbeauty.com\/hu\/26043613-2\/","title":{"rendered":"Maja&#8217;s Beauty X Hotel Azur"},"content":{"rendered":"<p>[et_pb_section fb_built=&#8221;1&#8243; _builder_version=&#8221;4.27.2&#8243; _module_preset=&#8221;default&#8221; background_color=&#8221;#F7F1E8&#8243; custom_padding=&#8221;||0px|||&#8221; locked=&#8221;off&#8221; global_colors_info=&#8221;{}&#8221;][et_pb_row _builder_version=&#8221;4.27.2&#8243; _module_preset=&#8221;default&#8221; custom_margin=&#8221;|auto|-31px|auto||&#8221; custom_padding=&#8221;30px|36px|30px|36px|true|true&#8221; global_colors_info=&#8221;{}&#8221;][et_pb_column type=&#8221;4_4&#8243; _builder_version=&#8221;4.18.0&#8243; _module_preset=&#8221;default&#8221; global_colors_info=&#8221;{}&#8221;][et_pb_text _builder_version=&#8221;4.27.4&#8243; _module_preset=&#8221;default&#8221; header_font=&#8221;imperial script|600|||||||&#8221; header_text_align=&#8221;center&#8221; header_text_color=&#8221;#BC9754&#8243; header_font_size=&#8221;3.3em&#8221; custom_margin=&#8221;||-1px|||&#8221; hover_enabled=&#8221;0&#8243; locked=&#8221;off&#8221; global_colors_info=&#8221;{}&#8221; sticky_enabled=&#8221;0&#8243;]<\/p>\n<h1 class=\"et_pb_slide_title\">Si\u00f3foki Szalonunk<\/h1>\n<p>[\/et_pb_text][et_pb_image src=&#8221;https:\/\/majasbeauty.com\/wp-content\/uploads\/2025\/06\/Untitled-1000-x-500-px.png&#8221; title_text=&#8221;Untitled (1000 x 500 px)&#8221; align=&#8221;center&#8221; _builder_version=&#8221;4.27.4&#8243; _module_preset=&#8221;default&#8221; transform_scale=&#8221;118%|118%&#8221; global_colors_info=&#8221;{}&#8221;][\/et_pb_image][\/et_pb_column][\/et_pb_row][\/et_pb_section][et_pb_section fb_built=&#8221;1&#8243; _builder_version=&#8221;4.18.0&#8243; _module_preset=&#8221;default&#8221; custom_padding=&#8221;51px||||false|false&#8221; locked=&#8221;off&#8221; global_colors_info=&#8221;{}&#8221;][et_pb_row column_structure=&#8221;1_2,1_2&#8243; _builder_version=&#8221;4.27.2&#8243; _module_preset=&#8221;default&#8221; custom_css_main_element=&#8221;||display: flex;||flex-wrap: wrap;||align-items: center;||&#8221; global_colors_info=&#8221;{}&#8221;][et_pb_column type=&#8221;1_2&#8243; _builder_version=&#8221;4.18.0&#8243; _module_preset=&#8221;default&#8221; global_colors_info=&#8221;{}&#8221;][et_pb_image src=&#8221;https:\/\/majasbeauty.com\/wp-content\/uploads\/2025\/06\/IMG_2965-scaled.jpg&#8221; title_text=&#8221;IMG_2965&#8243; _builder_version=&#8221;4.27.4&#8243; _module_preset=&#8221;default&#8221; animation_style=&#8221;fade&#8221; global_colors_info=&#8221;{}&#8221;][\/et_pb_image][\/et_pb_column][et_pb_column type=&#8221;1_2&#8243; _builder_version=&#8221;4.27.2&#8243; _module_preset=&#8221;default&#8221; background_color=&#8221;gcid-11d16c16-5e95-406e-ac8c-e0ae46785496&#8243; custom_padding=&#8221;31px|33px|31px|33px|true|true&#8221; animation_style=&#8221;fade&#8221; global_colors_info=&#8221;{%22gcid-11d16c16-5e95-406e-ac8c-e0ae46785496%22:%91%22background_color%22%93}&#8221;][et_pb_text _builder_version=&#8221;4.27.4&#8243; _module_preset=&#8221;default&#8221; header_font=&#8221;&#8211;et_global_heading_font|300|||||||&#8221; header_font_size=&#8221;2em&#8221; header_line_height=&#8221;1.1em&#8221; custom_margin=&#8221;||3px|||&#8221; custom_padding=&#8221;||0px|||&#8221; locked=&#8221;off&#8221; global_colors_info=&#8221;{}&#8221;]<\/p>\n<h1 class=\"tw-data-text tw-text-large tw-ta\" data-placeholder=\"Translation\" id=\"tw-target-text\" data-ved=\"2ahUKEwjVjqedxrWJAxWXcaQEHQ_JGboQ3ewLegQIChAU\" dir=\"ltr\" aria-label=\"Translated text: GLOBE MASTERSculpt HIEMT Shaping Machine (13 Tesla, 200Hz):\">Helysz\u00edn \u2013 A sz\u00e9ps\u00e9g \u00faj otthona Si\u00f3fokon<\/h1>\n<p>[\/et_pb_text][et_pb_text _builder_version=&#8221;4.27.4&#8243; _module_preset=&#8221;default&#8221; text_font=&#8221;Newsreader|300|||||||&#8221; text_font_size=&#8221;22px&#8221; text_line_height=&#8221;1.3em&#8221; locked=&#8221;off&#8221; global_colors_info=&#8221;{}&#8221;]<\/p>\n<p data-start=\"206\" data-end=\"652\">Si\u00f3foki szalonunk a Hotel Az\u00far exkluz\u00edv k\u00f6rnyezet\u00e9ben tal\u00e1lhat\u00f3. egy olyan sz\u00e9ps\u00e9g\u00e9lm\u00e9nyt \u00e9s k\u00e9nyeztet\u00e9st kap amilyenben m\u00e9g nem volt r\u00e9sze,  teljes testi-lelki felt\u00f6lt\u0151d\u00e9st k\u00edn\u00e1lunk. Letisztult, nyugodt atmoszf\u00e9r\u00e1val \u00e9s diszkr\u00e9t luxussal v\u00e1rjuk vend\u00e9geinket, akik szeretn\u00e9nek kil\u00e9pni a h\u00e9tk\u00f6znapi rohan\u00e1sb\u00f3l, \u00e9s id\u0151t sz\u00e1nni saj\u00e1t magukra. A szalon kialak\u00edt\u00e1s\u00e1t \u00e9s szolg\u00e1ltat\u00e1sait \u00fagy \u00e1lmodtuk meg, hogy minden vend\u00e9g\u00fcnk sz\u00e1m\u00e1ra megfelel\u0151 \u00e9s egy \u00faj sz\u00e9ps\u00e9g\u00e9lm\u00e9ny legyen.<\/p>\n<div class=\"et_pb_module et_pb_text et_pb_text_2  et_pb_text_align_left et_pb_bg_layout_light\">\n<div class=\"et_pb_text_inner\"><\/div>\n<\/div>\n<p>[\/et_pb_text][\/et_pb_column][\/et_pb_row][et_pb_row column_structure=&#8221;1_2,1_2&#8243; _builder_version=&#8221;4.27.2&#8243; _module_preset=&#8221;default&#8221; custom_css_main_element=&#8221;||display: flex;||flex-wrap: wrap;||align-items: center;||&#8221; global_colors_info=&#8221;{}&#8221;][et_pb_column type=&#8221;1_2&#8243; _builder_version=&#8221;4.18.0&#8243; _module_preset=&#8221;default&#8221; global_colors_info=&#8221;{}&#8221;][et_pb_image src=&#8221;https:\/\/majasbeauty.com\/wp-content\/uploads\/2025\/06\/IMG_3113-2-scaled.jpg&#8221; title_text=&#8221;IMG_3113-2&#8243; _builder_version=&#8221;4.27.4&#8243; _module_preset=&#8221;default&#8221; animation_style=&#8221;fade&#8221; global_colors_info=&#8221;{}&#8221;][\/et_pb_image][\/et_pb_column][et_pb_column type=&#8221;1_2&#8243; _builder_version=&#8221;4.27.2&#8243; _module_preset=&#8221;default&#8221; background_color=&#8221;gcid-11d16c16-5e95-406e-ac8c-e0ae46785496&#8243; custom_padding=&#8221;31px|33px|31px|33px|true|true&#8221; animation_style=&#8221;fade&#8221; global_colors_info=&#8221;{%22gcid-11d16c16-5e95-406e-ac8c-e0ae46785496%22:%91%22background_color%22%93}&#8221;][et_pb_text _builder_version=&#8221;4.27.4&#8243; _module_preset=&#8221;default&#8221; header_font=&#8221;&#8211;et_global_heading_font|300|||||||&#8221; header_font_size=&#8221;2em&#8221; header_line_height=&#8221;1.1em&#8221; custom_margin=&#8221;||3px|||&#8221; custom_padding=&#8221;||0px|||&#8221; locked=&#8221;off&#8221; global_colors_info=&#8221;{}&#8221;]<\/p>\n<h1 class=\"tw-data-text tw-text-large tw-ta\" data-placeholder=\"Translation\" id=\"tw-target-text\" data-ved=\"2ahUKEwjVjqedxrWJAxWXcaQEHQ_JGboQ3ewLegQIChAU\" dir=\"ltr\" aria-label=\"Translated text: GLOBE MASTERSculpt HIEMT Shaping Machine (13 Tesla, 200Hz):\">Kezel\u00e9seink \u2013 Relax\u00e1l\u00f3 arc \u00e9s testkezel\u00e9s<\/h1>\n<p>[\/et_pb_text][et_pb_text _builder_version=&#8221;4.27.4&#8243; _module_preset=&#8221;default&#8221; text_font=&#8221;Newsreader|300|||||||&#8221; text_font_size=&#8221;22px&#8221; text_line_height=&#8221;1.3em&#8221; locked=&#8221;off&#8221; global_colors_info=&#8221;{}&#8221;]<\/p>\n<p data-start=\"728\" data-end=\"941\">Kozmetikusaink bev\u00e1lt m\u00f3dszerekkel dolgoznak, a term\u00e9szetess\u00e9g, relax\u00e1l\u00e1s \u00e9s a hat\u00e9konys\u00e1g f\u0151 c\u00e9lja a kezel\u00e9seinknek.<\/p>\n<p data-start=\"943\" data-end=\"1241\"><strong data-start=\"943\" data-end=\"962\">Testkezel\u00e9seink<\/strong> c\u00e9lja a b\u0151r feszes\u00edt\u00e9se, a m\u00e9regtelen\u00edt\u00e9s \u00e9s az alakform\u00e1l\u00e1s. A Wiener technol\u00f3gia, \u00e9s az ultrahangos kavit\u00e1ci\u00f3 egy\u00fcttesen seg\u00edtik el\u0151 a l\u00e1tv\u00e1nyos, m\u00e9gis k\u00edm\u00e9letes eredm\u00e9nyeket.<\/p>\n<p data-start=\"1243\" data-end=\"1448\"><strong data-start=\"1243\" data-end=\"1264\">Arckezel\u00e9seink<\/strong> k\u00f6z\u00f6tt megtal\u00e1lhat\u00f3 a m\u00e9lytiszt\u00edt\u00f3, fiatal\u00edt\u00f3 \u00e9s relax\u00e1l\u00f3 arckezel\u00e9s is. Olyan kezel\u00e9seket k\u00edn\u00e1lunk, melyek nemcsak a b\u0151r \u00e1llapot\u00e1t jav\u00edtj\u00e1k, hanem kellemes pihen\u00e9st \u00e9s felfriss\u00fcl\u00e9st is ny\u00fajtanak.<\/p>\n<p data-start=\"1450\" data-end=\"1553\">Minden kezel\u00e9st szem\u00e9lyre szabott konzult\u00e1ci\u00f3 el\u0151z meg, \u00edgy biztos lehet benne, hogy b\u0151re pontosan azt kapja, amire sz\u00fcks\u00e9ge van.<\/p>\n<p>[\/et_pb_text][\/et_pb_column][\/et_pb_row][\/et_pb_section][et_pb_section fb_built=&#8221;1&#8243; _builder_version=&#8221;4.27.4&#8243; _module_preset=&#8221;default&#8221; background_color=&#8221;gcid-11d16c16-5e95-406e-ac8c-e0ae46785496&#8243; custom_padding=&#8221;0px||0px||false|false&#8221; global_module=&#8221;26043254&#8243; saved_tabs=&#8221;all&#8221; locked=&#8221;off&#8221; global_colors_info=&#8221;{%22gcid-11d16c16-5e95-406e-ac8c-e0ae46785496%22:%91%22background_color%22%93}&#8221;][et_pb_row column_structure=&#8221;1_2,1_2&#8243; _builder_version=&#8221;4.27.2&#8243; _module_preset=&#8221;default&#8221; custom_padding=&#8221;59px||65px|||&#8221; custom_css_main_element=&#8221;display: flex;||flex-wrap: wrap-reverse;||align-items: center;&#8221; global_colors_info=&#8221;{}&#8221;][et_pb_column type=&#8221;1_2&#8243; _builder_version=&#8221;4.27.2&#8243; _module_preset=&#8221;default&#8221; global_colors_info=&#8221;{}&#8221;][et_pb_text _builder_version=&#8221;4.27.2&#8243; _module_preset=&#8221;default&#8221; custom_margin=&#8221;||10px|||&#8221; global_colors_info=&#8221;{}&#8221;]<\/p>\n<p>At maja&#8217;s beauty, we offer personalized care and advanced technology to help you feel\u00a0 rejuvenated. Our diverse services include IPL hair removal, Dr. live wave massage, Powershape2 body treatment, and Hiemt electromagnetic shaping, all to enhance your natural beauty and confidence.<\/p>\n<p>[\/et_pb_text][dsm_icon_list _builder_version=&#8221;4.27.4&#8243; _module_preset=&#8221;default&#8221; custom_margin=&#8221;||17px|||&#8221; global_colors_info=&#8221;{}&#8221;][dsm_icon_list_child text=&#8221;+36 30 731 8323 &#8221; font_icon=&#8221;&#xe090;||divi||400&#8243; _builder_version=&#8221;4.27.2&#8243; _module_preset=&#8221;default&#8221; global_colors_info=&#8221;{}&#8221;][\/dsm_icon_list_child][dsm_icon_list_child text=&#8221;Info.majasbeauty@gmail.com&#8221; font_icon=&#8221;&#xf0e0;||fa||400&#8243; _builder_version=&#8221;4.27.4&#8243; _module_preset=&#8221;default&#8221; global_colors_info=&#8221;{}&#8221;][\/dsm_icon_list_child][dsm_icon_list_child text=&#8221; 1015. Budapest Hatty\u00fa, utca 14. 3. emelet&#8221; font_icon=&#8221;&#xf3c5;||fa||900&#8243; _builder_version=&#8221;4.27.4&#8243; _module_preset=&#8221;default&#8221; global_colors_info=&#8221;{}&#8221;][\/dsm_icon_list_child][dsm_icon_list_child text=&#8221;8600 Si\u00f3fok Erkel Ferenc Utca 2, Hotel Az\u00far sz\u00e1lloda&#8221; font_icon=&#8221;&#xf3c5;||fa||900&#8243; _builder_version=&#8221;4.27.4&#8243; _module_preset=&#8221;default&#8221; global_colors_info=&#8221;{}&#8221;][\/dsm_icon_list_child][\/dsm_icon_list][dsm_icon_list _builder_version=&#8221;4.27.4&#8243; _dynamic_attributes=&#8221;link_option_url&#8221; _module_preset=&#8221;default&#8221; text_font=&#8221;||||on||||&#8221; custom_margin=&#8221;||17px|||&#8221; link_option_url=&#8221;@ET-DC@eyJkeW5hbWljIjp0cnVlLCJjb250ZW50IjoicG9zdF9saW5rX3VybF9wYWdlIiwic2V0dGluZ3MiOnsicG9zdF9pZCI6IjI2MDQzNjUwIn19@&#8221; global_colors_info=&#8221;{}&#8221;][dsm_icon_list_child text=&#8221;House Rules&#8221; font_icon=&#8221;&#x5e;||divi||400&#8243; url=&#8221;@ET-DC@eyJkeW5hbWljIjp0cnVlLCJjb250ZW50IjoicG9zdF9saW5rX3VybF9wYWdlIiwic2V0dGluZ3MiOnsicG9zdF9pZCI6IjI2MDQzNjMxIn19@&#8221; _builder_version=&#8221;4.27.4&#8243; _dynamic_attributes=&#8221;url&#8221; _module_preset=&#8221;default&#8221; text_font=&#8221;||||on||||&#8221; global_colors_info=&#8221;{}&#8221;][\/dsm_icon_list_child][dsm_icon_list_child text=&#8221;General Terms and Conditions&#8221; font_icon=&#8221;&#x5e;||divi||400&#8243; url=&#8221;@ET-DC@eyJkeW5hbWljIjp0cnVlLCJjb250ZW50IjoicG9zdF9saW5rX3VybF9wYWdlIiwic2V0dGluZ3MiOnsicG9zdF9pZCI6IjI2MDQzNjM3In19@&#8221; _builder_version=&#8221;4.27.4&#8243; _dynamic_attributes=&#8221;url&#8221; _module_preset=&#8221;default&#8221; text_font=&#8221;||||on||||&#8221; global_colors_info=&#8221;{}&#8221;][\/dsm_icon_list_child][dsm_icon_list_child text=&#8221;Pass Policy&#8221; font_icon=&#8221;&#x5e;||divi||400&#8243; url=&#8221;@ET-DC@eyJkeW5hbWljIjp0cnVlLCJjb250ZW50IjoicG9zdF9saW5rX3VybF9wYWdlIiwic2V0dGluZ3MiOnsicG9zdF9pZCI6IjI2MDQzNjQ0In19@&#8221; _builder_version=&#8221;4.27.4&#8243; _dynamic_attributes=&#8221;url&#8221; _module_preset=&#8221;default&#8221; text_font=&#8221;||||on||||&#8221; global_colors_info=&#8221;{}&#8221;][\/dsm_icon_list_child][dsm_icon_list_child text=&#8221;Gift Card Policy&#8221; font_icon=&#8221;&#x5e;||divi||400&#8243; url=&#8221;@ET-DC@eyJkeW5hbWljIjp0cnVlLCJjb250ZW50IjoicG9zdF9saW5rX3VybF9wYWdlIiwic2V0dGluZ3MiOnsicG9zdF9pZCI6IjI2MDQzNjUwIn19@&#8221; _builder_version=&#8221;4.27.4&#8243; _dynamic_attributes=&#8221;url&#8221; _module_preset=&#8221;default&#8221; global_colors_info=&#8221;{}&#8221;][\/dsm_icon_list_child][\/dsm_icon_list][et_pb_image src=&#8221;https:\/\/majasbeauty.com\/wp-content\/uploads\/2024\/10\/Asset-10@2x.png&#8221; title_text=&#8221;Asset 10@2x&#8221; _builder_version=&#8221;4.27.2&#8243; _module_preset=&#8221;default&#8221; width=&#8221;42%&#8221; width_tablet=&#8221;29%&#8221; width_phone=&#8221;59%&#8221; width_last_edited=&#8221;on|phone&#8221; global_colors_info=&#8221;{}&#8221;][\/et_pb_image][et_pb_social_media_follow _builder_version=&#8221;4.27.2&#8243; _module_preset=&#8221;default&#8221; text_orientation=&#8221;left&#8221; global_colors_info=&#8221;{}&#8221;][et_pb_social_media_follow_network social_network=&#8221;instagram&#8221; url=&#8221;https:\/\/www.instagram.com\/majasbeautysalon?utm_source=ig_web_button_share_sheet&#038;igsh=ZDNlZDc0MzIxNw==&#8221; icon_color=&#8221;gcid-secondary-color&#8221; _builder_version=&#8221;4.27.2&#8243; _module_preset=&#8221;default&#8221; background_enable_color=&#8221;off&#8221; border_radii=&#8221;on|25px|25px|25px|25px&#8221; border_width_all=&#8221;2px&#8221; border_color_all=&#8221;#B3822C&#8221; global_colors_info=&#8221;{%22gcid-secondary-color%22:%91%22icon_color%22%93}&#8221; follow_button=&#8221;off&#8221; url_new_window=&#8221;on&#8221;]instagram[\/et_pb_social_media_follow_network][et_pb_social_media_follow_network social_network=&#8221;facebook&#8221; url=&#8221;https:\/\/www.facebook.com\/profile.php?id=61566901137209&#8243; icon_color=&#8221;gcid-secondary-color&#8221; _builder_version=&#8221;4.27.2&#8243; _module_preset=&#8221;default&#8221; background_enable_color=&#8221;off&#8221; border_radii=&#8221;on|25px|25px|25px|25px&#8221; border_width_all=&#8221;2px&#8221; border_color_all=&#8221;#B3822C&#8221; global_colors_info=&#8221;{%22gcid-secondary-color%22:%91%22icon_color%22%93}&#8221; follow_button=&#8221;off&#8221; url_new_window=&#8221;on&#8221;]facebook[\/et_pb_social_media_follow_network][et_pb_social_media_follow_network social_network=&#8221;tiktok&#8221; url=&#8221;https:\/\/www.tiktok.com\/@majasbeauty&#8221; icon_color=&#8221;gcid-secondary-color&#8221; _builder_version=&#8221;4.27.2&#8243; _module_preset=&#8221;default&#8221; background_color=&#8221;#fe2c55&#8243; background_enable_color=&#8221;off&#8221; border_radii=&#8221;on|25px|25px|25px|25px&#8221; border_width_all=&#8221;2px&#8221; border_color_all=&#8221;#B3822C&#8221; global_colors_info=&#8221;{%22gcid-secondary-color%22:%91%22icon_color%22%93}&#8221; follow_button=&#8221;off&#8221; url_new_window=&#8221;on&#8221;]tiktok[\/et_pb_social_media_follow_network][\/et_pb_social_media_follow][\/et_pb_column][et_pb_column type=&#8221;1_2&#8243; _builder_version=&#8221;4.27.2&#8243; _module_preset=&#8221;default&#8221; global_colors_info=&#8221;{}&#8221;][dsm_embed_google_map address=&#8221;Budapest Hattyu, u 14 1015&#8243; zoom=&#8221;17&#8243; _builder_version=&#8221;4.27.2&#8243; _module_preset=&#8221;default&#8221; custom_padding=&#8221;||25px||false|false&#8221; global_colors_info=&#8221;{}&#8221;][\/dsm_embed_google_map][\/et_pb_column][\/et_pb_row][\/et_pb_section]<\/p>","protected":false},"excerpt":{"rendered":"<p>Si\u00f3fok SalonA New Home for Beauty in Si\u00f3fokMajas Beauty is located in the exclusive setting of Hotel Az\u00far in Si\u00f3fok. It\u2019s a space where beauty meets complete physical and mental rejuvenation. Designed with a calm, minimalist atmosphere and a touch of discreet luxury, our salon welcomes guests who wish to step away from the fast [&hellip;]<\/p>","protected":false},"author":1,"featured_media":0,"parent":0,"menu_order":0,"comment_status":"closed","ping_status":"closed","template":"","meta":{"nf_dc_page":"","_et_pb_use_builder":"on","_et_pb_old_content":"","_et_gb_content_width":"","_monsterinsights_skip_tracking":false,"_monsterinsights_sitenote_active":false,"_monsterinsights_sitenote_note":"","_monsterinsights_sitenote_category":0,"_uf_show_specific_survey":0,"_uf_disable_surveys":false,"footnotes":""},"class_list":["post-26043613","page","type-page","status-publish","hentry"],"aioseo_notices":[],"yoast_head":"<!-- This site is optimized with the Yoast SEO plugin v27.2 - https:\/\/yoast.com\/product\/yoast-seo-wordpress\/ -->\n<title>Maja&#039;s Beauty X Hotel Azur - maja&#039;s beauty<\/title>\n<meta name=\"description\" content=\"Fedezd fel a Majas Beauty-t, ahol professzion\u00e1lis alakform\u00e1l\u00f3 kezel\u00e9sekkel, relax\u00e1l\u00f3 massz\u00e1zsokkal \u00e9s szem\u00e9lyre szabott sz\u00e9ps\u00e9g\u00e1pol\u00e1si szolg\u00e1ltat\u00e1sokkal v\u00e1runk. T\u00f6k\u00e9letes meg\u00fajul\u00e1s egy helyen!\" \/>\n<meta name=\"robots\" content=\"index, follow, max-snippet:-1, max-image-preview:large, max-video-preview:-1\" \/>\n<link rel=\"canonical\" href=\"https:\/\/majasbeauty.com\/hu\/26043613-2\/\" \/>\n<meta property=\"og:locale\" content=\"hu_HU\" \/>\n<meta property=\"og:type\" content=\"article\" \/>\n<meta property=\"og:title\" content=\"Maja&#039;s Beauty X Hotel Azur - maja&#039;s beauty\" \/>\n<meta property=\"og:description\" content=\"Fedezd fel a Majas Beauty-t, ahol professzion\u00e1lis alakform\u00e1l\u00f3 kezel\u00e9sekkel, relax\u00e1l\u00f3 massz\u00e1zsokkal \u00e9s szem\u00e9lyre szabott sz\u00e9ps\u00e9g\u00e1pol\u00e1si szolg\u00e1ltat\u00e1sokkal v\u00e1runk. T\u00f6k\u00e9letes meg\u00fajul\u00e1s egy helyen!\" \/>\n<meta property=\"og:url\" content=\"https:\/\/majasbeauty.com\/hu\/26043613-2\/\" \/>\n<meta property=\"og:site_name\" content=\"maja&#039;s beauty\" \/>\n<meta property=\"article:modified_time\" content=\"2025-09-07T11:29:44+00:00\" \/>\n<meta property=\"og:image\" content=\"https:\/\/majasbeauty.com\/wp-content\/uploads\/2024\/11\/Untitled_design__1_-removebg-preview.png\" \/>\n\t<meta property=\"og:image:width\" content=\"500\" \/>\n\t<meta property=\"og:image:height\" content=\"500\" \/>\n\t<meta property=\"og:image:type\" content=\"image\/png\" \/>\n<meta name=\"twitter:card\" content=\"summary_large_image\" \/>\n<script type=\"application\/ld+json\" class=\"yoast-schema-graph\">{\"@context\":\"https:\/\/schema.org\",\"@graph\":[{\"@type\":\"WebPage\",\"@id\":\"https:\/\/majasbeauty.com\/en\/26043613-2\/\",\"url\":\"https:\/\/majasbeauty.com\/en\/26043613-2\/\",\"name\":\"Maja's Beauty X Hotel Azur - maja&#039;s beauty\",\"isPartOf\":{\"@id\":\"https:\/\/majasbeauty.com\/#website\"},\"datePublished\":\"2025-06-13T12:47:43+00:00\",\"dateModified\":\"2025-09-07T11:29:44+00:00\",\"description\":\"Fedezd fel a Majas Beauty-t, ahol professzion\u00e1lis alakform\u00e1l\u00f3 kezel\u00e9sekkel, relax\u00e1l\u00f3 massz\u00e1zsokkal \u00e9s szem\u00e9lyre szabott sz\u00e9ps\u00e9g\u00e1pol\u00e1si szolg\u00e1ltat\u00e1sokkal v\u00e1runk. T\u00f6k\u00e9letes meg\u00fajul\u00e1s egy helyen!\",\"breadcrumb\":{\"@id\":\"https:\/\/majasbeauty.com\/en\/26043613-2\/#breadcrumb\"},\"inLanguage\":\"hu\",\"potentialAction\":[{\"@type\":\"ReadAction\",\"target\":[\"https:\/\/majasbeauty.com\/en\/26043613-2\/\"]}]},{\"@type\":\"BreadcrumbList\",\"@id\":\"https:\/\/majasbeauty.com\/en\/26043613-2\/#breadcrumb\",\"itemListElement\":[{\"@type\":\"ListItem\",\"position\":1,\"name\":\"Home\",\"item\":\"https:\/\/majasbeauty.com\/en\/\"},{\"@type\":\"ListItem\",\"position\":2,\"name\":\"Maja&#8217;s Beauty X Hotel Azur\"}]},{\"@type\":\"WebSite\",\"@id\":\"https:\/\/majasbeauty.com\/#website\",\"url\":\"https:\/\/majasbeauty.com\/\",\"name\":\"Maja's Beauty\",\"description\":\"Minden Alakform\u00e1l\u00e1s a Powershape-t\u00f6l az Intimpadig\",\"publisher\":{\"@id\":\"https:\/\/majasbeauty.com\/#organization\"},\"alternateName\":\"Maja's Beauty Sz\u00e9ps\u00e9gszalon\",\"potentialAction\":[{\"@type\":\"SearchAction\",\"target\":{\"@type\":\"EntryPoint\",\"urlTemplate\":\"https:\/\/majasbeauty.com\/?s={search_term_string}\"},\"query-input\":{\"@type\":\"PropertyValueSpecification\",\"valueRequired\":true,\"valueName\":\"search_term_string\"}}],\"inLanguage\":\"hu\"},{\"@type\":\"Organization\",\"@id\":\"https:\/\/majasbeauty.com\/#organization\",\"name\":\"Maja's Beauty\",\"url\":\"https:\/\/majasbeauty.com\/\",\"logo\":{\"@type\":\"ImageObject\",\"inLanguage\":\"hu\",\"@id\":\"https:\/\/majasbeauty.com\/#\/schema\/logo\/image\/\",\"url\":\"https:\/\/majasbeauty.com\/wp-content\/uploads\/2024\/11\/Untitled_design__1_-removebg-preview.png\",\"contentUrl\":\"https:\/\/majasbeauty.com\/wp-content\/uploads\/2024\/11\/Untitled_design__1_-removebg-preview.png\",\"width\":500,\"height\":500,\"caption\":\"Maja's Beauty\"},\"image\":{\"@id\":\"https:\/\/majasbeauty.com\/#\/schema\/logo\/image\/\"}}]}<\/script>\n<!-- \/ Yoast SEO plugin. -->","yoast_head_json":{"title":"Maja's Beauty X Hotel Azur - maja&#039;s beauty","description":"Fedezd fel a Majas Beauty-t, ahol professzion\u00e1lis alakform\u00e1l\u00f3 kezel\u00e9sekkel, relax\u00e1l\u00f3 massz\u00e1zsokkal \u00e9s szem\u00e9lyre szabott sz\u00e9ps\u00e9g\u00e1pol\u00e1si szolg\u00e1ltat\u00e1sokkal v\u00e1runk. T\u00f6k\u00e9letes meg\u00fajul\u00e1s egy helyen!","robots":{"index":"index","follow":"follow","max-snippet":"max-snippet:-1","max-image-preview":"max-image-preview:large","max-video-preview":"max-video-preview:-1"},"canonical":"https:\/\/majasbeauty.com\/hu\/26043613-2\/","og_locale":"hu_HU","og_type":"article","og_title":"Maja's Beauty X Hotel Azur - maja&#039;s beauty","og_description":"Fedezd fel a Majas Beauty-t, ahol professzion\u00e1lis alakform\u00e1l\u00f3 kezel\u00e9sekkel, relax\u00e1l\u00f3 massz\u00e1zsokkal \u00e9s szem\u00e9lyre szabott sz\u00e9ps\u00e9g\u00e1pol\u00e1si szolg\u00e1ltat\u00e1sokkal v\u00e1runk. T\u00f6k\u00e9letes meg\u00fajul\u00e1s egy helyen!","og_url":"https:\/\/majasbeauty.com\/hu\/26043613-2\/","og_site_name":"maja&#039;s beauty","article_modified_time":"2025-09-07T11:29:44+00:00","og_image":[{"width":500,"height":500,"url":"https:\/\/majasbeauty.com\/wp-content\/uploads\/2024\/11\/Untitled_design__1_-removebg-preview.png","type":"image\/png"}],"twitter_card":"summary_large_image","schema":{"@context":"https:\/\/schema.org","@graph":[{"@type":"WebPage","@id":"https:\/\/majasbeauty.com\/en\/26043613-2\/","url":"https:\/\/majasbeauty.com\/en\/26043613-2\/","name":"Maja's Beauty X Hotel Azur - maja&#039;s beauty","isPartOf":{"@id":"https:\/\/majasbeauty.com\/#website"},"datePublished":"2025-06-13T12:47:43+00:00","dateModified":"2025-09-07T11:29:44+00:00","description":"Fedezd fel a Majas Beauty-t, ahol professzion\u00e1lis alakform\u00e1l\u00f3 kezel\u00e9sekkel, relax\u00e1l\u00f3 massz\u00e1zsokkal \u00e9s szem\u00e9lyre szabott sz\u00e9ps\u00e9g\u00e1pol\u00e1si szolg\u00e1ltat\u00e1sokkal v\u00e1runk. T\u00f6k\u00e9letes meg\u00fajul\u00e1s egy helyen!","breadcrumb":{"@id":"https:\/\/majasbeauty.com\/en\/26043613-2\/#breadcrumb"},"inLanguage":"hu","potentialAction":[{"@type":"ReadAction","target":["https:\/\/majasbeauty.com\/en\/26043613-2\/"]}]},{"@type":"BreadcrumbList","@id":"https:\/\/majasbeauty.com\/en\/26043613-2\/#breadcrumb","itemListElement":[{"@type":"ListItem","position":1,"name":"Home","item":"https:\/\/majasbeauty.com\/en\/"},{"@type":"ListItem","position":2,"name":"Maja&#8217;s Beauty X Hotel Azur"}]},{"@type":"WebSite","@id":"https:\/\/majasbeauty.com\/#website","url":"https:\/\/majasbeauty.com\/","name":"Maja's Beauty","description":"Minden Alakform\u00e1l\u00e1s a Powershape-t\u00f6l az Intimpadig","publisher":{"@id":"https:\/\/majasbeauty.com\/#organization"},"alternateName":"Maja's Beauty Sz\u00e9ps\u00e9gszalon","potentialAction":[{"@type":"SearchAction","target":{"@type":"EntryPoint","urlTemplate":"https:\/\/majasbeauty.com\/?s={search_term_string}"},"query-input":{"@type":"PropertyValueSpecification","valueRequired":true,"valueName":"search_term_string"}}],"inLanguage":"hu"},{"@type":"Organization","@id":"https:\/\/majasbeauty.com\/#organization","name":"Maja's Beauty","url":"https:\/\/majasbeauty.com\/","logo":{"@type":"ImageObject","inLanguage":"hu","@id":"https:\/\/majasbeauty.com\/#\/schema\/logo\/image\/","url":"https:\/\/majasbeauty.com\/wp-content\/uploads\/2024\/11\/Untitled_design__1_-removebg-preview.png","contentUrl":"https:\/\/majasbeauty.com\/wp-content\/uploads\/2024\/11\/Untitled_design__1_-removebg-preview.png","width":500,"height":500,"caption":"Maja's Beauty"},"image":{"@id":"https:\/\/majasbeauty.com\/#\/schema\/logo\/image\/"}}]}},"_links":{"self":[{"href":"https:\/\/majasbeauty.com\/hu\/wp-json\/wp\/v2\/pages\/26043613","targetHints":{"allow":["GET"]}}],"collection":[{"href":"https:\/\/majasbeauty.com\/hu\/wp-json\/wp\/v2\/pages"}],"about":[{"href":"https:\/\/majasbeauty.com\/hu\/wp-json\/wp\/v2\/types\/page"}],"author":[{"embeddable":true,"href":"https:\/\/majasbeauty.com\/hu\/wp-json\/wp\/v2\/users\/1"}],"replies":[{"embeddable":true,"href":"https:\/\/majasbeauty.com\/hu\/wp-json\/wp\/v2\/comments?post=26043613"}],"version-history":[{"count":5,"href":"https:\/\/majasbeauty.com\/hu\/wp-json\/wp\/v2\/pages\/26043613\/revisions"}],"predecessor-version":[{"id":26043723,"href":"https:\/\/majasbeauty.com\/hu\/wp-json\/wp\/v2\/pages\/26043613\/revisions\/26043723"}],"wp:attachment":[{"href":"https:\/\/majasbeauty.com\/hu\/wp-json\/wp\/v2\/media?parent=26043613"}],"curies":[{"name":"wp","href":"https:\/\/api.w.org\/{rel}","templated":true}]}}