{"id":26043637,"date":"2025-06-19T13:42:13","date_gmt":"2025-06-19T13:42:13","guid":{"rendered":"https:\/\/majasbeauty.com\/?page_id=26043637"},"modified":"2025-06-19T13:52:26","modified_gmt":"2025-06-19T13:52:26","slug":"general-terms-and-conditions","status":"publish","type":"page","link":"https:\/\/majasbeauty.com\/hu\/general-terms-and-conditions\/","title":{"rendered":"\u00c1ltal\u00e1nos Szerz\u0151d\u00e9si Felt\u00e9telek (\u00c1SZF)"},"content":{"rendered":"<p>[et_pb_section fb_built=&#8221;1&#8243; _builder_version=&#8221;4.27.2&#8243; _module_preset=&#8221;default&#8221; background_color=&#8221;#F7F1E8&#8243; custom_padding=&#8221;||76px|||&#8221; locked=&#8221;off&#8221; global_colors_info=&#8221;{}&#8221;][et_pb_row _builder_version=&#8221;4.27.2&#8243; _module_preset=&#8221;default&#8221; custom_padding=&#8221;30px|36px|30px|36px|true|true&#8221; global_colors_info=&#8221;{}&#8221;][et_pb_column type=&#8221;4_4&#8243; _builder_version=&#8221;4.18.0&#8243; _module_preset=&#8221;default&#8221; global_colors_info=&#8221;{}&#8221;][et_pb_text _builder_version=&#8221;4.27.4&#8243; _module_preset=&#8221;default&#8221; header_font=&#8221;imperial script|600|||||||&#8221; header_text_align=&#8221;center&#8221; header_text_color=&#8221;#BC9754&#8243; header_font_size=&#8221;3.3em&#8221; custom_margin=&#8221;||-1px|||&#8221; locked=&#8221;off&#8221; global_colors_info=&#8221;{}&#8221;]<\/p>\n<h1 class=\"et_pb_slide_title\">\u00c1ltal\u00e1nos Szerz\u0151d\u00e9si Felt\u00e9telek (\u00c1SZF)<\/h1>\n<p>[\/et_pb_text][\/et_pb_column][\/et_pb_row][\/et_pb_section][et_pb_section fb_built=&#8221;1&#8243; _builder_version=&#8221;4.27.4&#8243; _module_preset=&#8221;default&#8221; locked=&#8221;off&#8221; global_colors_info=&#8221;{}&#8221;][et_pb_row _builder_version=&#8221;4.27.4&#8243; _module_preset=&#8221;default&#8221; global_colors_info=&#8221;{}&#8221;][et_pb_column type=&#8221;4_4&#8243; _builder_version=&#8221;4.27.4&#8243; _module_preset=&#8221;default&#8221; global_colors_info=&#8221;{}&#8221;][et_pb_accordion _builder_version=&#8221;4.27.4&#8243; _module_preset=&#8221;default&#8221; global_colors_info=&#8221;{}&#8221;][et_pb_accordion_item title=&#8221;General terms and conditions&#8221; open=&#8221;on&#8221; open_toggle_background_color=&#8221;#FEF7ED&#8221; closed_toggle_background_color=&#8221;#FEF7ED&#8221; _builder_version=&#8221;4.27.4&#8243; _module_preset=&#8221;default&#8221; global_colors_info=&#8221;{}&#8221;]<\/p>\n<p data-start=\"111\" data-end=\"211\"><strong data-start=\"152\" data-end=\"175\">Maja\u2019s Beauty Salon<\/strong><br data-start=\"175\" data-end=\"178\" \/><strong data-start=\"178\" data-end=\"211\">Hat\u00e1lyos: 2025. j\u00fanius 19-t\u0151l<\/strong><\/p>\n<hr data-start=\"213\" data-end=\"216\" \/>\n<p data-start=\"218\" data-end=\"515\" class=\"translation-block\">C\u00e9gn\u00e9v: Wilhelem Maja EV.\nSz\u00e9khely: 1028 Budapest, \u00darb\u00e9res utca 66\/b\nAd\u00f3sz\u00e1m: 90492299-2-41\nTelefonsz\u00e1m: +36 30 731 8323\nE-mail c\u00edm: info.majasbeauty@gmail.com\nWeboldal: https:\/\/majasbeauty.com\/hu\/<\/p>\n<hr data-start=\"517\" data-end=\"520\" \/>\n<p data-start=\"522\" data-end=\"792\" class=\"translation-block\">2.\u2060 \u2060\u00c1ltal\u00e1nos rendelkez\u00e9sek\n\nJelen \u00c1ltal\u00e1nos Szerz\u0151d\u00e9si Felt\u00e9telek (\u00c1SZF) a Wilhelem Maja EV. \u2013 a tov\u00e1bbiakban: Szolg\u00e1ltat\u00f3 \u2013 \u00e1ltal \u00fczemeltetett Maja\u2019s Beauty sz\u00e9ps\u00e9gszalon szolg\u00e1ltat\u00e1sainak ig\u00e9nybev\u00e9tel\u00e9re vonatkoznak. A vend\u00e9g a szolg\u00e1ltat\u00e1s ig\u00e9nybev\u00e9tel\u00e9vel elfogadja az \u00c1SZF-ben foglaltakat.<\/p>\n<hr data-start=\"794\" data-end=\"797\" \/>\n<p data-start=\"799\" data-end=\"1038\"><strong data-start=\"799\" data-end=\"845\">3.\u2060 \u2060Id\u0151pontfoglal\u00e1s \u00e9s el\u0151legfizet\u00e9s<\/strong><br data-start=\"845\" data-end=\"848\" \/>3.\u2060 \u2060Id\u0151pontfoglal\u00e1s \u00e9s el\u0151legfizet\u00e9s\nId\u0151pontfoglal\u00e1s t\u00f6rt\u00e9nhet szem\u00e9lyesen, telefonon, vagy online a majasbeauty.com<br data-start=\"936\" data-end=\"939\" \/>Az id\u0151pont csak abban az esetben tekinthet\u0151 v\u00e9glegesnek, ha a kiv\u00e1lasztott kezel\u00e9s 30%-\u00e1nak megfelel\u0151 el\u0151leg megfizet\u00e9sre ker\u00fcl.<\/p>\n<p data-start=\"1040\" data-end=\"1064\">Az id\u0151pont csak akkor tekinthet\u0151 v\u00e9glegesnek, ha a kiv\u00e1lasztott kezel\u00e9s 30%-\u00e1nak megfelel\u0151 el\u0151leg megfizet\u00e9sre ker\u00fcl.<\/p>\n<ul data-start=\"1065\" data-end=\"1188\">\n<li data-start=\"1065\" data-end=\"1162\">\n<p data-start=\"1067\" data-end=\"1162\">az el\u0151leg befizet\u00e9se t\u00f6rt\u00e9nhet:\nOnline bankk\u00e1rty\u00e1s fizet\u00e9ssel a foglal\u00e1si rendszerben (a fizet\u00e9sr\u0151l automatikus visszaigazol\u00f3 e-mailt k\u00fcld\u00fcnk),<\/p>\n<\/li>\n<li data-start=\"1163\" data-end=\"1188\">\n<p data-start=\"1165\" data-end=\"1188\">vagy szem\u00e9lyesen a szalonban.\nAz el\u0151leg levon\u00e1sra ker\u00fcl a kezel\u00e9s v\u00e9g\u00f6sszeg\u00e9b\u0151l.\nMinden \u00fajrafoglalt id\u0151pont eset\u00e9ben is k\u00f6telez\u0151 az el\u0151leg \u00fajb\u00f3li befizet\u00e9se.<\/p>\n<\/li>\n<\/ul>\n<p data-start=\"1190\" data-end=\"1324\" class=\"translation-block\">A vend\u00e9g a szolg\u00e1ltat\u00e1s ig\u00e9nybev\u00e9tel\u00e9vel elfogadja az \u00c1SZF-ben foglaltakat.<\/p>\n<hr data-start=\"1326\" data-end=\"1329\" \/>\n<p data-start=\"1331\" data-end=\"1359\"><strong data-start=\"1331\" data-end=\"1357\">4.\u2060 \u2060Lemond\u00e1si felt\u00e9telek<\/strong><\/p>\n<ul data-start=\"1360\" data-end=\"1673\">\n<li data-start=\"1360\" data-end=\"1475\">\n<p data-start=\"1362\" data-end=\"1475\" class=\"translation-block\">24 \u00f3r\u00e1n t\u00fali lemond\u00e1s eset\u00e9n:\nAz el\u0151leg visszaj\u00e1r, amennyiben nem t\u00f6rt\u00e9nik \u00faj id\u0151pontfoglal\u00e1s,\nvagy \u00e1tvihet\u0151 egy m\u00e1sik, egyeztetett id\u0151pontra.<\/p>\n<\/li>\n<li data-start=\"1476\" data-end=\"1673\">\n<p data-start=\"1478\" data-end=\"1530\" class=\"translation-block\">24 \u00f3r\u00e1n t\u00fali lemond\u00e1s eset\u00e9n:\nAz el\u0151leg visszaj\u00e1r, amennyiben<\/p>\n<ul data-start=\"1533\" data-end=\"1673\">\n<li data-start=\"1533\" data-end=\"1608\">\n<p data-start=\"1535\" data-end=\"1608\" class=\"translation-block\">nem t\u00f6rt\u00e9nik \u00faj id\u0151pontfoglal\u00e1<\/p>\n<\/li>\n<li data-start=\"1611\" data-end=\"1673\">\n<p data-start=\"1613\" data-end=\"1673\" class=\"translation-block\">vagy \u00e1tvihet\u0151 egy m\u00e1sik, egyeztetett id\u0151pontra.<\/p>\n<\/li>\n<\/ul>\n<\/li>\n<\/ul>\n<hr data-start=\"1675\" data-end=\"1678\" \/>\n<p data-start=\"1680\" data-end=\"1862\" class=\"translation-block\">\u20075.\u2060 \u2060Fizet\u00e9si m\u00f3dok\nA szolg\u00e1ltat\u00e1sok ellen\u00e9rt\u00e9ke kiegyenl\u00edthet\u0151 k\u00e9szp\u00e9nzzel vagy bankk\u00e1rty\u00e1val a szalonban.\nAz online el\u0151legfizet\u00e9s a weboldalon kereszt\u00fcl, biztons\u00e1gos fizet\u00e9si fel\u00fcleten t\u00f6rt\u00e9nik.<\/p>\n<hr data-start=\"1864\" data-end=\"1867\" \/>\n<p data-start=\"1869\" data-end=\"2198\" class=\"translation-block\">\u20076.\u2060 \u2060Eg\u00e9szs\u00e9g\u00fcgyi \u00e9s higi\u00e9niai szab\u00e1lyok\nA vend\u00e9g k\u00f6teles jelezni b\u00e1rmilyen fenn\u00e1ll\u00f3 eg\u00e9szs\u00e9g\u00fcgyi probl\u00e9m\u00e1t, b\u0151rbetegs\u00e9get vagy allergi\u00e1t, amely a kezel\u00e9s sor\u00e1n relev\u00e1ns lehet.\nA Szolg\u00e1ltat\u00f3 fenntartja a jogot, hogy fert\u0151z\u0151 betegs\u00e9g, nem megfelel\u0151 higi\u00e9niai \u00e1llapot vagy ittas \u00e1llapot eset\u00e9n a szolg\u00e1ltat\u00e1st megtagadja.<\/p>\n<hr data-start=\"2200\" data-end=\"2203\" \/>\n<p data-start=\"2205\" data-end=\"2399\" class=\"translation-block\">7.\u2060 \u2060Felel\u0151ss\u00e9g kiz\u00e1r\u00e1sa\nA Szolg\u00e1ltat\u00f3 nem v\u00e1llal felel\u0151ss\u00e9get olyan probl\u00e9m\u00e1k\u00e9rt, amelyek a vend\u00e9g \u00e1ltal elhallgatott inform\u00e1ci\u00f3k vagy a szolg\u00e1ltat\u00e1st k\u00f6vet\u0151 nem megfelel\u0151 otthoni \u00e1pol\u00e1s k\u00f6vetkezm\u00e9nyek\u00e9nt l\u00e9pnek fel.<\/p>\n<hr data-start=\"2401\" data-end=\"2404\" \/>\n<p data-start=\"2406\" data-end=\"2775\" class=\"translation-block\">\u20078.\u2060 \u2060Adatkezel\u00e9s\nA Szolg\u00e1ltat\u00f3 a vend\u00e9gek szem\u00e9lyes adatait bizalmasan kezeli, azokat harmadik f\u00e9l sz\u00e1m\u00e1ra nem adja ki, \u00e9s kiz\u00e1r\u00f3lag a foglal\u00e1sok, kapcsolattart\u00e1s, sz\u00e1ml\u00e1z\u00e1s c\u00e9lj\u00e1b\u00f3l haszn\u00e1lja fel.\nAz adatkezel\u00e9s a mindenkor hat\u00e1lyos jogszab\u00e1lyokkal, k\u00fcl\u00f6n\u00f6sen a GDPR rendelkez\u00e9seivel \u00f6sszhangban t\u00f6rt\u00e9nik. R\u00e9szletes adatkezel\u00e9si t\u00e1j\u00e9koztat\u00f3 el\u00e9rhet\u0151 a weboldalon.<\/p>\n<hr data-start=\"2777\" data-end=\"2780\" \/>\n<p data-start=\"2782\" data-end=\"2978\" class=\"translation-block\">9.\u2060 \u2060Panaszkezel\u00e9s\nPanaszt a vend\u00e9g \u00edr\u00e1sban ny\u00fajthat be a info.majasbeauty@gmail.com e-mail c\u00edmen.\nA Szolg\u00e1ltat\u00f3 a panaszt 15 munkanapon bel\u00fcl kivizsg\u00e1lja \u00e9s v\u00e1laszol r\u00e1.<\/p>\n<hr data-start=\"2980\" data-end=\"2983\" \/>\n<p data-start=\"2985\" data-end=\"3294\" data-is-last-node=\"\" data-is-only-node=\"\" class=\"translation-block\">10.\u2060 \u2060Z\u00e1r\u00f3 rendelkez\u00e9sek\nJelen \u00c1SZF hat\u00e1rozatlan ideig \u00e9rv\u00e9nyes, a Szolg\u00e1ltat\u00f3 fenntartja a jogot annak b\u00e1rmikori m\u00f3dos\u00edt\u00e1s\u00e1ra, amelyet a weboldalon \u00e9s\/vagy a szalonban j\u00f3l l\u00e1that\u00f3 helyen tesz k\u00f6zz\u00e9.\nAz \u00c1SZF b\u00e1rmely pontj\u00e1nak elfogad\u00e1sa a szolg\u00e1ltat\u00e1s ig\u00e9nybev\u00e9tel\u00e9vel automatikusan megt\u00f6rt\u00e9nik.<\/p>\n<p>[\/et_pb_accordion_item][\/et_pb_accordion][\/et_pb_column][\/et_pb_row][\/et_pb_section][et_pb_section fb_built=&#8221;1&#8243; _builder_version=&#8221;4.27.4&#8243; _module_preset=&#8221;default&#8221; background_color=&#8221;gcid-11d16c16-5e95-406e-ac8c-e0ae46785496&#8243; custom_padding=&#8221;0px||0px||false|false&#8221; global_module=&#8221;26043254&#8243; saved_tabs=&#8221;all&#8221; locked=&#8221;off&#8221; global_colors_info=&#8221;{%22gcid-11d16c16-5e95-406e-ac8c-e0ae46785496%22:%91%22background_color%22%93}&#8221;][et_pb_row column_structure=&#8221;1_2,1_2&#8243; _builder_version=&#8221;4.27.2&#8243; _module_preset=&#8221;default&#8221; custom_padding=&#8221;59px||65px|||&#8221; custom_css_main_element=&#8221;display: flex;||flex-wrap: wrap-reverse;||align-items: center;&#8221; global_colors_info=&#8221;{}&#8221;][et_pb_column type=&#8221;1_2&#8243; _builder_version=&#8221;4.27.2&#8243; _module_preset=&#8221;default&#8221; global_colors_info=&#8221;{}&#8221;][et_pb_text _builder_version=&#8221;4.27.2&#8243; _module_preset=&#8221;default&#8221; custom_margin=&#8221;||10px|||&#8221; global_colors_info=&#8221;{}&#8221;]<\/p>\n<p>At maja&#8217;s beauty, we offer personalized care and advanced technology to help you feel\u00a0 rejuvenated. Our diverse services include IPL hair removal, Dr. live wave massage, Powershape2 body treatment, and Hiemt electromagnetic shaping, all to enhance your natural beauty and confidence.<\/p>\n<p>[\/et_pb_text][dsm_icon_list _builder_version=&#8221;4.27.4&#8243; _module_preset=&#8221;default&#8221; custom_margin=&#8221;||17px|||&#8221; global_colors_info=&#8221;{}&#8221;][dsm_icon_list_child text=&#8221;+36 30 731 8323 &#8221; font_icon=&#8221;&#xe090;||divi||400&#8243; _builder_version=&#8221;4.27.2&#8243; _module_preset=&#8221;default&#8221; global_colors_info=&#8221;{}&#8221;][\/dsm_icon_list_child][dsm_icon_list_child text=&#8221;Info.majasbeauty@gmail.com&#8221; font_icon=&#8221;&#xf0e0;||fa||400&#8243; _builder_version=&#8221;4.27.4&#8243; _module_preset=&#8221;default&#8221; global_colors_info=&#8221;{}&#8221;][\/dsm_icon_list_child][dsm_icon_list_child text=&#8221;Budapest Hattyu, u 14 1015 , Si\u00f3fok Erkel Ferenc U. 4, Hotel Az\u00far&#8221; font_icon=&#8221;&#xf3c5;||fa||900&#8243; _builder_version=&#8221;4.27.4&#8243; _module_preset=&#8221;default&#8221; global_colors_info=&#8221;{}&#8221;][\/dsm_icon_list_child][\/dsm_icon_list][dsm_icon_list _builder_version=&#8221;4.27.4&#8243; _module_preset=&#8221;default&#8221; custom_margin=&#8221;||17px|||&#8221; global_colors_info=&#8221;{}&#8221;][dsm_icon_list_child text=&#8221;H\u00e1zirend&#8221; font_icon=&#8221;&#x5e;||divi||400&#8243; url=&#8221;@ET-DC@eyJkeW5hbWljIjp0cnVlLCJjb250ZW50IjoicG9zdF9saW5rX3VybF9wYWdlIiwic2V0dGluZ3MiOnsicG9zdF9pZCI6IjI2MDQzNjEzIn19@&#8221; _builder_version=&#8221;4.27.4&#8243; _dynamic_attributes=&#8221;url&#8221; _module_preset=&#8221;default&#8221; text_font=&#8221;||||on||||&#8221; global_colors_info=&#8221;{}&#8221;][\/dsm_icon_list_child][dsm_icon_list_child text=&#8221;\u00c1SZF&#8221; font_icon=&#8221;&#x5e;||divi||400&#8243; _builder_version=&#8221;4.27.4&#8243; _module_preset=&#8221;default&#8221; text_font=&#8221;||||on||||&#8221; global_colors_info=&#8221;{}&#8221;][\/dsm_icon_list_child][dsm_icon_list_child text=&#8221;B\u00e9rleti Szab\u00e1lyok&#8221; font_icon=&#8221;&#x5e;||divi||400&#8243; _builder_version=&#8221;4.27.4&#8243; _module_preset=&#8221;default&#8221; text_font=&#8221;||||on||||&#8221; global_colors_info=&#8221;{}&#8221;][\/dsm_icon_list_child][\/dsm_icon_list][et_pb_image src=&#8221;https:\/\/majasbeauty.com\/wp-content\/uploads\/2024\/10\/Asset-10@2x.png&#8221; title_text=&#8221;Asset 10@2x&#8221; _builder_version=&#8221;4.27.2&#8243; _module_preset=&#8221;default&#8221; width=&#8221;42%&#8221; width_tablet=&#8221;29%&#8221; width_phone=&#8221;59%&#8221; width_last_edited=&#8221;on|phone&#8221; global_colors_info=&#8221;{}&#8221;][\/et_pb_image][et_pb_social_media_follow _builder_version=&#8221;4.27.2&#8243; _module_preset=&#8221;default&#8221; text_orientation=&#8221;left&#8221; global_colors_info=&#8221;{}&#8221;][et_pb_social_media_follow_network social_network=&#8221;instagram&#8221; url=&#8221;https:\/\/www.instagram.com\/majasbeautysalon?utm_source=ig_web_button_share_sheet&#038;igsh=ZDNlZDc0MzIxNw==&#8221; icon_color=&#8221;gcid-secondary-color&#8221; _builder_version=&#8221;4.27.2&#8243; _module_preset=&#8221;default&#8221; background_enable_color=&#8221;off&#8221; border_radii=&#8221;on|25px|25px|25px|25px&#8221; border_width_all=&#8221;2px&#8221; border_color_all=&#8221;#B3822C&#8221; global_colors_info=&#8221;{%22gcid-secondary-color%22:%91%22icon_color%22%93}&#8221; follow_button=&#8221;off&#8221; url_new_window=&#8221;on&#8221;]instagram[\/et_pb_social_media_follow_network][et_pb_social_media_follow_network social_network=&#8221;facebook&#8221; url=&#8221;https:\/\/www.facebook.com\/profile.php?id=61566901137209&#8243; icon_color=&#8221;gcid-secondary-color&#8221; _builder_version=&#8221;4.27.2&#8243; _module_preset=&#8221;default&#8221; background_enable_color=&#8221;off&#8221; border_radii=&#8221;on|25px|25px|25px|25px&#8221; border_width_all=&#8221;2px&#8221; border_color_all=&#8221;#B3822C&#8221; global_colors_info=&#8221;{%22gcid-secondary-color%22:%91%22icon_color%22%93}&#8221; follow_button=&#8221;off&#8221; url_new_window=&#8221;on&#8221;]facebook[\/et_pb_social_media_follow_network][et_pb_social_media_follow_network social_network=&#8221;tiktok&#8221; url=&#8221;https:\/\/www.tiktok.com\/@majasbeauty&#8221; icon_color=&#8221;gcid-secondary-color&#8221; _builder_version=&#8221;4.27.2&#8243; _module_preset=&#8221;default&#8221; background_color=&#8221;#fe2c55&#8243; background_enable_color=&#8221;off&#8221; border_radii=&#8221;on|25px|25px|25px|25px&#8221; border_width_all=&#8221;2px&#8221; border_color_all=&#8221;#B3822C&#8221; global_colors_info=&#8221;{%22gcid-secondary-color%22:%91%22icon_color%22%93}&#8221; follow_button=&#8221;off&#8221; url_new_window=&#8221;on&#8221;]tiktok[\/et_pb_social_media_follow_network][\/et_pb_social_media_follow][\/et_pb_column][et_pb_column type=&#8221;1_2&#8243; _builder_version=&#8221;4.27.2&#8243; _module_preset=&#8221;default&#8221; global_colors_info=&#8221;{}&#8221;][dsm_embed_google_map address=&#8221;Budapest Hattyu, u 14 1015&#8243; zoom=&#8221;17&#8243; _builder_version=&#8221;4.27.2&#8243; _module_preset=&#8221;default&#8221; custom_padding=&#8221;||25px||false|false&#8221; global_colors_info=&#8221;{}&#8221;][\/dsm_embed_google_map][\/et_pb_column][\/et_pb_row][\/et_pb_section]<\/p>","protected":false},"excerpt":{"rendered":"<p>General Terms and ConditionsMaja\u2019s Beauty SalonEffective from: June 19, 2025 1. Service Provider InformationCompany name: Wilhelem Maja EV.Registered office: 1028 Budapest, \u00darb\u00e9res utca 66\/bTax number: 90492299-2-41Phone number: +36 30 731 8323Email address: info.majasbeauty@gmail.comWebsite: https:\/\/majasbeauty.com\/hu\/ 2. General ProvisionsThese General Terms and Conditions (GTC) apply to the services provided by Wilhelem Maja EV., hereinafter referred to as [&hellip;]<\/p>","protected":false},"author":1,"featured_media":0,"parent":0,"menu_order":0,"comment_status":"closed","ping_status":"closed","template":"","meta":{"nf_dc_page":"","_et_pb_use_builder":"on","_et_pb_old_content":"","_et_gb_content_width":"","_monsterinsights_skip_tracking":false,"_monsterinsights_sitenote_active":false,"_monsterinsights_sitenote_note":"","_monsterinsights_sitenote_category":0,"_uf_show_specific_survey":0,"_uf_disable_surveys":false,"footnotes":""},"class_list":["post-26043637","page","type-page","status-publish","hentry"],"aioseo_notices":[],"yoast_head":"<!-- This site is optimized with the Yoast SEO plugin v27.2 - https:\/\/yoast.com\/product\/yoast-seo-wordpress\/ -->\n<title>General terms and conditions - maja&#039;s beauty<\/title>\n<meta name=\"description\" content=\"Fedezd fel a Majas Beauty-t, ahol professzion\u00e1lis alakform\u00e1l\u00f3 kezel\u00e9sekkel, relax\u00e1l\u00f3 massz\u00e1zsokkal \u00e9s szem\u00e9lyre szabott sz\u00e9ps\u00e9g\u00e1pol\u00e1si szolg\u00e1ltat\u00e1sokkal v\u00e1runk. T\u00f6k\u00e9letes meg\u00fajul\u00e1s egy helyen!\" \/>\n<meta name=\"robots\" content=\"index, follow, max-snippet:-1, max-image-preview:large, max-video-preview:-1\" \/>\n<link rel=\"canonical\" href=\"https:\/\/majasbeauty.com\/hu\/general-terms-and-conditions\/\" \/>\n<meta property=\"og:locale\" content=\"hu_HU\" \/>\n<meta property=\"og:type\" content=\"article\" \/>\n<meta property=\"og:title\" content=\"General terms and conditions - maja&#039;s beauty\" \/>\n<meta property=\"og:description\" content=\"Fedezd fel a Majas Beauty-t, ahol professzion\u00e1lis alakform\u00e1l\u00f3 kezel\u00e9sekkel, relax\u00e1l\u00f3 massz\u00e1zsokkal \u00e9s szem\u00e9lyre szabott sz\u00e9ps\u00e9g\u00e1pol\u00e1si szolg\u00e1ltat\u00e1sokkal v\u00e1runk. T\u00f6k\u00e9letes meg\u00fajul\u00e1s egy helyen!\" \/>\n<meta property=\"og:url\" content=\"https:\/\/majasbeauty.com\/hu\/general-terms-and-conditions\/\" \/>\n<meta property=\"og:site_name\" content=\"maja&#039;s beauty\" \/>\n<meta property=\"article:modified_time\" content=\"2025-06-19T13:52:26+00:00\" \/>\n<meta property=\"og:image\" content=\"https:\/\/majasbeauty.com\/wp-content\/uploads\/2024\/11\/Untitled_design__1_-removebg-preview.png\" \/>\n\t<meta property=\"og:image:width\" content=\"500\" \/>\n\t<meta property=\"og:image:height\" content=\"500\" \/>\n\t<meta property=\"og:image:type\" content=\"image\/png\" \/>\n<meta name=\"twitter:card\" content=\"summary_large_image\" \/>\n<script type=\"application\/ld+json\" class=\"yoast-schema-graph\">{\"@context\":\"https:\/\/schema.org\",\"@graph\":[{\"@type\":\"WebPage\",\"@id\":\"https:\/\/majasbeauty.com\/en\/general-terms-and-conditions\/\",\"url\":\"https:\/\/majasbeauty.com\/en\/general-terms-and-conditions\/\",\"name\":\"General terms and conditions - maja&#039;s beauty\",\"isPartOf\":{\"@id\":\"https:\/\/majasbeauty.com\/#website\"},\"datePublished\":\"2025-06-19T13:42:13+00:00\",\"dateModified\":\"2025-06-19T13:52:26+00:00\",\"description\":\"Fedezd fel a Majas Beauty-t, ahol professzion\u00e1lis alakform\u00e1l\u00f3 kezel\u00e9sekkel, relax\u00e1l\u00f3 massz\u00e1zsokkal \u00e9s szem\u00e9lyre szabott sz\u00e9ps\u00e9g\u00e1pol\u00e1si szolg\u00e1ltat\u00e1sokkal v\u00e1runk. T\u00f6k\u00e9letes meg\u00fajul\u00e1s egy helyen!\",\"breadcrumb\":{\"@id\":\"https:\/\/majasbeauty.com\/en\/general-terms-and-conditions\/#breadcrumb\"},\"inLanguage\":\"hu\",\"potentialAction\":[{\"@type\":\"ReadAction\",\"target\":[\"https:\/\/majasbeauty.com\/en\/general-terms-and-conditions\/\"]}]},{\"@type\":\"BreadcrumbList\",\"@id\":\"https:\/\/majasbeauty.com\/en\/general-terms-and-conditions\/#breadcrumb\",\"itemListElement\":[{\"@type\":\"ListItem\",\"position\":1,\"name\":\"Home\",\"item\":\"https:\/\/majasbeauty.com\/en\/\"},{\"@type\":\"ListItem\",\"position\":2,\"name\":\"General terms and conditions\"}]},{\"@type\":\"WebSite\",\"@id\":\"https:\/\/majasbeauty.com\/#website\",\"url\":\"https:\/\/majasbeauty.com\/\",\"name\":\"Maja's Beauty\",\"description\":\"Minden Alakform\u00e1l\u00e1s a Powershape-t\u00f6l az Intimpadig\",\"publisher\":{\"@id\":\"https:\/\/majasbeauty.com\/#organization\"},\"alternateName\":\"Maja's Beauty Sz\u00e9ps\u00e9gszalon\",\"potentialAction\":[{\"@type\":\"SearchAction\",\"target\":{\"@type\":\"EntryPoint\",\"urlTemplate\":\"https:\/\/majasbeauty.com\/?s={search_term_string}\"},\"query-input\":{\"@type\":\"PropertyValueSpecification\",\"valueRequired\":true,\"valueName\":\"search_term_string\"}}],\"inLanguage\":\"hu\"},{\"@type\":\"Organization\",\"@id\":\"https:\/\/majasbeauty.com\/#organization\",\"name\":\"Maja's Beauty\",\"url\":\"https:\/\/majasbeauty.com\/\",\"logo\":{\"@type\":\"ImageObject\",\"inLanguage\":\"hu\",\"@id\":\"https:\/\/majasbeauty.com\/#\/schema\/logo\/image\/\",\"url\":\"https:\/\/majasbeauty.com\/wp-content\/uploads\/2024\/11\/Untitled_design__1_-removebg-preview.png\",\"contentUrl\":\"https:\/\/majasbeauty.com\/wp-content\/uploads\/2024\/11\/Untitled_design__1_-removebg-preview.png\",\"width\":500,\"height\":500,\"caption\":\"Maja's Beauty\"},\"image\":{\"@id\":\"https:\/\/majasbeauty.com\/#\/schema\/logo\/image\/\"}}]}<\/script>\n<!-- \/ Yoast SEO plugin. -->","yoast_head_json":{"title":"General terms and conditions - maja&#039;s beauty","description":"Fedezd fel a Majas Beauty-t, ahol professzion\u00e1lis alakform\u00e1l\u00f3 kezel\u00e9sekkel, relax\u00e1l\u00f3 massz\u00e1zsokkal \u00e9s szem\u00e9lyre szabott sz\u00e9ps\u00e9g\u00e1pol\u00e1si szolg\u00e1ltat\u00e1sokkal v\u00e1runk. T\u00f6k\u00e9letes meg\u00fajul\u00e1s egy helyen!","robots":{"index":"index","follow":"follow","max-snippet":"max-snippet:-1","max-image-preview":"max-image-preview:large","max-video-preview":"max-video-preview:-1"},"canonical":"https:\/\/majasbeauty.com\/hu\/general-terms-and-conditions\/","og_locale":"hu_HU","og_type":"article","og_title":"General terms and conditions - maja&#039;s beauty","og_description":"Fedezd fel a Majas Beauty-t, ahol professzion\u00e1lis alakform\u00e1l\u00f3 kezel\u00e9sekkel, relax\u00e1l\u00f3 massz\u00e1zsokkal \u00e9s szem\u00e9lyre szabott sz\u00e9ps\u00e9g\u00e1pol\u00e1si szolg\u00e1ltat\u00e1sokkal v\u00e1runk. T\u00f6k\u00e9letes meg\u00fajul\u00e1s egy helyen!","og_url":"https:\/\/majasbeauty.com\/hu\/general-terms-and-conditions\/","og_site_name":"maja&#039;s beauty","article_modified_time":"2025-06-19T13:52:26+00:00","og_image":[{"width":500,"height":500,"url":"https:\/\/majasbeauty.com\/wp-content\/uploads\/2024\/11\/Untitled_design__1_-removebg-preview.png","type":"image\/png"}],"twitter_card":"summary_large_image","schema":{"@context":"https:\/\/schema.org","@graph":[{"@type":"WebPage","@id":"https:\/\/majasbeauty.com\/en\/general-terms-and-conditions\/","url":"https:\/\/majasbeauty.com\/en\/general-terms-and-conditions\/","name":"General terms and conditions - maja&#039;s beauty","isPartOf":{"@id":"https:\/\/majasbeauty.com\/#website"},"datePublished":"2025-06-19T13:42:13+00:00","dateModified":"2025-06-19T13:52:26+00:00","description":"Fedezd fel a Majas Beauty-t, ahol professzion\u00e1lis alakform\u00e1l\u00f3 kezel\u00e9sekkel, relax\u00e1l\u00f3 massz\u00e1zsokkal \u00e9s szem\u00e9lyre szabott sz\u00e9ps\u00e9g\u00e1pol\u00e1si szolg\u00e1ltat\u00e1sokkal v\u00e1runk. T\u00f6k\u00e9letes meg\u00fajul\u00e1s egy helyen!","breadcrumb":{"@id":"https:\/\/majasbeauty.com\/en\/general-terms-and-conditions\/#breadcrumb"},"inLanguage":"hu","potentialAction":[{"@type":"ReadAction","target":["https:\/\/majasbeauty.com\/en\/general-terms-and-conditions\/"]}]},{"@type":"BreadcrumbList","@id":"https:\/\/majasbeauty.com\/en\/general-terms-and-conditions\/#breadcrumb","itemListElement":[{"@type":"ListItem","position":1,"name":"Home","item":"https:\/\/majasbeauty.com\/en\/"},{"@type":"ListItem","position":2,"name":"General terms and conditions"}]},{"@type":"WebSite","@id":"https:\/\/majasbeauty.com\/#website","url":"https:\/\/majasbeauty.com\/","name":"Maja's Beauty","description":"Minden Alakform\u00e1l\u00e1s a Powershape-t\u00f6l az Intimpadig","publisher":{"@id":"https:\/\/majasbeauty.com\/#organization"},"alternateName":"Maja's Beauty Sz\u00e9ps\u00e9gszalon","potentialAction":[{"@type":"SearchAction","target":{"@type":"EntryPoint","urlTemplate":"https:\/\/majasbeauty.com\/?s={search_term_string}"},"query-input":{"@type":"PropertyValueSpecification","valueRequired":true,"valueName":"search_term_string"}}],"inLanguage":"hu"},{"@type":"Organization","@id":"https:\/\/majasbeauty.com\/#organization","name":"Maja's Beauty","url":"https:\/\/majasbeauty.com\/","logo":{"@type":"ImageObject","inLanguage":"hu","@id":"https:\/\/majasbeauty.com\/#\/schema\/logo\/image\/","url":"https:\/\/majasbeauty.com\/wp-content\/uploads\/2024\/11\/Untitled_design__1_-removebg-preview.png","contentUrl":"https:\/\/majasbeauty.com\/wp-content\/uploads\/2024\/11\/Untitled_design__1_-removebg-preview.png","width":500,"height":500,"caption":"Maja's Beauty"},"image":{"@id":"https:\/\/majasbeauty.com\/#\/schema\/logo\/image\/"}}]}},"_links":{"self":[{"href":"https:\/\/majasbeauty.com\/hu\/wp-json\/wp\/v2\/pages\/26043637","targetHints":{"allow":["GET"]}}],"collection":[{"href":"https:\/\/majasbeauty.com\/hu\/wp-json\/wp\/v2\/pages"}],"about":[{"href":"https:\/\/majasbeauty.com\/hu\/wp-json\/wp\/v2\/types\/page"}],"author":[{"embeddable":true,"href":"https:\/\/majasbeauty.com\/hu\/wp-json\/wp\/v2\/users\/1"}],"replies":[{"embeddable":true,"href":"https:\/\/majasbeauty.com\/hu\/wp-json\/wp\/v2\/comments?post=26043637"}],"version-history":[{"count":5,"href":"https:\/\/majasbeauty.com\/hu\/wp-json\/wp\/v2\/pages\/26043637\/revisions"}],"predecessor-version":[{"id":26043649,"href":"https:\/\/majasbeauty.com\/hu\/wp-json\/wp\/v2\/pages\/26043637\/revisions\/26043649"}],"wp:attachment":[{"href":"https:\/\/majasbeauty.com\/hu\/wp-json\/wp\/v2\/media?parent=26043637"}],"curies":[{"name":"wp","href":"https:\/\/api.w.org\/{rel}","templated":true}]}}